{"id":2514,"date":"2021-01-28T00:17:18","date_gmt":"2021-01-27T23:17:18","guid":{"rendered":"https:\/\/new.xitee.com\/about-us\/about-company\/"},"modified":"2025-10-02T10:59:10","modified_gmt":"2025-10-02T08:59:10","slug":"o-spolecnosti","status":"publish","type":"page","link":"https:\/\/xitee.com\/cs\/o-nas\/o-spolecnosti\/","title":{"rendered":"O spole\u010dnosti xitee"},"content":{"rendered":"\n<p>xitee je poskytovatel IT slu\u017eeb se s\u00eddlem v&nbsp;Praze<strong>. <\/strong>Specializujeme se p\u0159edev\u0161\u00edm na v\u00fdvoj softwaru, testov\u00e1n\u00ed softwaru, IT konzultace, cloudifikaci a informa\u010dn\u00ed bezpe\u010dnost. Hlavn\u00edmi oblastmi na\u0161\u00ed p\u016fsobnosti jsou sektory digit\u00e1ln\u00edho podnik\u00e1n\u00ed, financ\u00ed a energetiky a zdravotnictv\u00ed.<\/p>\n","protected":false},"excerpt":{"rendered":"<p>xitee je poskytovatel IT slu\u017eeb se s\u00eddlem v&nbsp;Praze. Specializujeme se p\u0159edev\u0161\u00edm na v\u00fdvoj softwaru, testov\u00e1n\u00ed softwaru, IT konzultace, cloudifikaci a informa\u010dn\u00ed bezpe\u010dnost. Hlavn\u00edmi oblastmi na\u0161\u00ed p\u016fsobnosti jsou sektory digit\u00e1ln\u00edho podnik\u00e1n\u00ed, financ\u00ed a energetiky a zdravotnictv\u00ed.<\/p>\n","protected":false},"author":2,"featured_media":4538,"parent":2512,"menu_order":0,"comment_status":"closed","ping_status":"closed","template":"rn_about_company.php","meta":{"_acf_changed":false,"inline_featured_image":false,"footnotes":""},"class_list":["post-2514","page","type-page","status-publish","has-post-thumbnail","hentry"],"acf":[],"yoast_head":"<!-- This site is optimized with the Yoast SEO plugin v27.3 - https:\/\/yoast.com\/product\/yoast-seo-wordpress\/ -->\n<title>O spole\u010dnosti | xitee.com<\/title>\n<meta name=\"description\" content=\"Xitee je poskytovatel IT slu\u017eeb. Specializujeme se p\u0159edev\u0161\u00edm na v\u00fdvoj softwaru, testov\u00e1n\u00ed softwaru, IT konzultace, cloudifikaci a informa\u010dn\u00ed bezpe\u010dnost. \u2705\" \/>\n<meta name=\"robots\" content=\"index, follow, max-snippet:-1, max-image-preview:large, max-video-preview:-1\" \/>\n<link rel=\"canonical\" href=\"https:\/\/xitee.com\/cs\/o-nas\/o-spolecnosti\/\" \/>\n<meta property=\"og:locale\" content=\"cs_CZ\" \/>\n<meta property=\"og:type\" content=\"article\" \/>\n<meta property=\"og:title\" content=\"O spole\u010dnosti | xitee.com\" \/>\n<meta property=\"og:description\" content=\"Xitee je poskytovatel IT slu\u017eeb. Specializujeme se p\u0159edev\u0161\u00edm na v\u00fdvoj softwaru, testov\u00e1n\u00ed softwaru, IT konzultace, cloudifikaci a informa\u010dn\u00ed bezpe\u010dnost. \u2705\" \/>\n<meta property=\"og:url\" content=\"https:\/\/xitee.com\/cs\/o-nas\/o-spolecnosti\/\" \/>\n<meta property=\"og:site_name\" content=\"xitee\" \/>\n<meta property=\"article:modified_time\" content=\"2025-10-02T08:59:10+00:00\" \/>\n<meta property=\"og:image\" content=\"https:\/\/xitee.com\/wp-content\/uploads\/2021\/09\/interier-31-scaled.jpg\" \/>\n\t<meta property=\"og:image:width\" content=\"2560\" \/>\n\t<meta property=\"og:image:height\" content=\"1372\" \/>\n\t<meta property=\"og:image:type\" content=\"image\/jpeg\" \/>\n<meta name=\"twitter:card\" content=\"summary_large_image\" \/>\n<meta name=\"twitter:label1\" content=\"Odhadovan\u00e1 doba \u010dten\u00ed\" \/>\n\t<meta name=\"twitter:data1\" content=\"1 minuta\" \/>\n<script type=\"application\/ld+json\" class=\"yoast-schema-graph\">{\"@context\":\"https:\\\/\\\/schema.org\",\"@graph\":[{\"@type\":\"WebPage\",\"@id\":\"https:\\\/\\\/xitee.com\\\/cs\\\/o-nas\\\/o-spolecnosti\\\/\",\"url\":\"https:\\\/\\\/xitee.com\\\/cs\\\/o-nas\\\/o-spolecnosti\\\/\",\"name\":\"O spole\u010dnosti | xitee.com\",\"isPartOf\":{\"@id\":\"https:\\\/\\\/xitee.com\\\/#website\"},\"primaryImageOfPage\":{\"@id\":\"https:\\\/\\\/xitee.com\\\/cs\\\/o-nas\\\/o-spolecnosti\\\/#primaryimage\"},\"image\":{\"@id\":\"https:\\\/\\\/xitee.com\\\/cs\\\/o-nas\\\/o-spolecnosti\\\/#primaryimage\"},\"thumbnailUrl\":\"https:\\\/\\\/xitee.com\\\/wp-content\\\/uploads\\\/2021\\\/09\\\/interier-31-scaled.jpg\",\"datePublished\":\"2021-01-27T23:17:18+00:00\",\"dateModified\":\"2025-10-02T08:59:10+00:00\",\"description\":\"Xitee je poskytovatel IT slu\u017eeb. Specializujeme se p\u0159edev\u0161\u00edm na v\u00fdvoj softwaru, testov\u00e1n\u00ed softwaru, IT konzultace, cloudifikaci a informa\u010dn\u00ed bezpe\u010dnost. \u2705\",\"breadcrumb\":{\"@id\":\"https:\\\/\\\/xitee.com\\\/cs\\\/o-nas\\\/o-spolecnosti\\\/#breadcrumb\"},\"inLanguage\":\"cs\",\"potentialAction\":[{\"@type\":\"ReadAction\",\"target\":[\"https:\\\/\\\/xitee.com\\\/cs\\\/o-nas\\\/o-spolecnosti\\\/\"]}]},{\"@type\":\"ImageObject\",\"inLanguage\":\"cs\",\"@id\":\"https:\\\/\\\/xitee.com\\\/cs\\\/o-nas\\\/o-spolecnosti\\\/#primaryimage\",\"url\":\"https:\\\/\\\/xitee.com\\\/wp-content\\\/uploads\\\/2021\\\/09\\\/interier-31-scaled.jpg\",\"contentUrl\":\"https:\\\/\\\/xitee.com\\\/wp-content\\\/uploads\\\/2021\\\/09\\\/interier-31-scaled.jpg\",\"width\":2560,\"height\":1372},{\"@type\":\"BreadcrumbList\",\"@id\":\"https:\\\/\\\/xitee.com\\\/cs\\\/o-nas\\\/o-spolecnosti\\\/#breadcrumb\",\"itemListElement\":[{\"@type\":\"ListItem\",\"position\":1,\"name\":\"Dom\u016f\",\"item\":\"https:\\\/\\\/xitee.com\\\/cs\\\/\"},{\"@type\":\"ListItem\",\"position\":2,\"name\":\"O n\u00e1s\",\"item\":\"https:\\\/\\\/xitee.com\\\/cs\\\/o-nas\\\/\"},{\"@type\":\"ListItem\",\"position\":3,\"name\":\"O spole\u010dnosti xitee\"}]},{\"@type\":\"WebSite\",\"@id\":\"https:\\\/\\\/xitee.com\\\/#website\",\"url\":\"https:\\\/\\\/xitee.com\\\/\",\"name\":\"xitee\",\"description\":\"Poskytovatel IT slu\u017eeb se s\u00eddlem v Praze. Na\u0161e odborn\u00e9 znalosti se soust\u0159ed\u00ed na sektory digit\u00e1ln\u00edho podnik\u00e1n\u00ed, financ\u00ed a energetiky a zdravotnictv\u00ed.\",\"publisher\":{\"@id\":\"https:\\\/\\\/xitee.com\\\/#organization\"},\"potentialAction\":[{\"@type\":\"SearchAction\",\"target\":{\"@type\":\"EntryPoint\",\"urlTemplate\":\"https:\\\/\\\/xitee.com\\\/?s={search_term_string}\"},\"query-input\":{\"@type\":\"PropertyValueSpecification\",\"valueRequired\":true,\"valueName\":\"search_term_string\"}}],\"inLanguage\":\"cs\"},{\"@type\":\"Organization\",\"@id\":\"https:\\\/\\\/xitee.com\\\/#organization\",\"name\":\"xitee\",\"url\":\"https:\\\/\\\/xitee.com\\\/\",\"logo\":{\"@type\":\"ImageObject\",\"inLanguage\":\"cs\",\"@id\":\"https:\\\/\\\/xitee.com\\\/#\\\/schema\\\/logo\\\/image\\\/\",\"url\":\"https:\\\/\\\/xitee.com\\\/wp-content\\\/uploads\\\/2021\\\/03\\\/logo-header.svg\",\"contentUrl\":\"https:\\\/\\\/xitee.com\\\/wp-content\\\/uploads\\\/2021\\\/03\\\/logo-header.svg\",\"width\":86,\"height\":30,\"caption\":\"xitee\"},\"image\":{\"@id\":\"https:\\\/\\\/xitee.com\\\/#\\\/schema\\\/logo\\\/image\\\/\"}}]}<\/script>\n<!-- \/ Yoast SEO plugin. -->","yoast_head_json":{"title":"O spole\u010dnosti | xitee.com","description":"Xitee je poskytovatel IT slu\u017eeb. Specializujeme se p\u0159edev\u0161\u00edm na v\u00fdvoj softwaru, testov\u00e1n\u00ed softwaru, IT konzultace, cloudifikaci a informa\u010dn\u00ed bezpe\u010dnost. \u2705","robots":{"index":"index","follow":"follow","max-snippet":"max-snippet:-1","max-image-preview":"max-image-preview:large","max-video-preview":"max-video-preview:-1"},"canonical":"https:\/\/xitee.com\/cs\/o-nas\/o-spolecnosti\/","og_locale":"cs_CZ","og_type":"article","og_title":"O spole\u010dnosti | xitee.com","og_description":"Xitee je poskytovatel IT slu\u017eeb. Specializujeme se p\u0159edev\u0161\u00edm na v\u00fdvoj softwaru, testov\u00e1n\u00ed softwaru, IT konzultace, cloudifikaci a informa\u010dn\u00ed bezpe\u010dnost. \u2705","og_url":"https:\/\/xitee.com\/cs\/o-nas\/o-spolecnosti\/","og_site_name":"xitee","article_modified_time":"2025-10-02T08:59:10+00:00","og_image":[{"width":2560,"height":1372,"url":"https:\/\/xitee.com\/wp-content\/uploads\/2021\/09\/interier-31-scaled.jpg","type":"image\/jpeg"}],"twitter_card":"summary_large_image","twitter_misc":{"Odhadovan\u00e1 doba \u010dten\u00ed":"1 minuta"},"schema":{"@context":"https:\/\/schema.org","@graph":[{"@type":"WebPage","@id":"https:\/\/xitee.com\/cs\/o-nas\/o-spolecnosti\/","url":"https:\/\/xitee.com\/cs\/o-nas\/o-spolecnosti\/","name":"O spole\u010dnosti | xitee.com","isPartOf":{"@id":"https:\/\/xitee.com\/#website"},"primaryImageOfPage":{"@id":"https:\/\/xitee.com\/cs\/o-nas\/o-spolecnosti\/#primaryimage"},"image":{"@id":"https:\/\/xitee.com\/cs\/o-nas\/o-spolecnosti\/#primaryimage"},"thumbnailUrl":"https:\/\/xitee.com\/wp-content\/uploads\/2021\/09\/interier-31-scaled.jpg","datePublished":"2021-01-27T23:17:18+00:00","dateModified":"2025-10-02T08:59:10+00:00","description":"Xitee je poskytovatel IT slu\u017eeb. Specializujeme se p\u0159edev\u0161\u00edm na v\u00fdvoj softwaru, testov\u00e1n\u00ed softwaru, IT konzultace, cloudifikaci a informa\u010dn\u00ed bezpe\u010dnost. \u2705","breadcrumb":{"@id":"https:\/\/xitee.com\/cs\/o-nas\/o-spolecnosti\/#breadcrumb"},"inLanguage":"cs","potentialAction":[{"@type":"ReadAction","target":["https:\/\/xitee.com\/cs\/o-nas\/o-spolecnosti\/"]}]},{"@type":"ImageObject","inLanguage":"cs","@id":"https:\/\/xitee.com\/cs\/o-nas\/o-spolecnosti\/#primaryimage","url":"https:\/\/xitee.com\/wp-content\/uploads\/2021\/09\/interier-31-scaled.jpg","contentUrl":"https:\/\/xitee.com\/wp-content\/uploads\/2021\/09\/interier-31-scaled.jpg","width":2560,"height":1372},{"@type":"BreadcrumbList","@id":"https:\/\/xitee.com\/cs\/o-nas\/o-spolecnosti\/#breadcrumb","itemListElement":[{"@type":"ListItem","position":1,"name":"Dom\u016f","item":"https:\/\/xitee.com\/cs\/"},{"@type":"ListItem","position":2,"name":"O n\u00e1s","item":"https:\/\/xitee.com\/cs\/o-nas\/"},{"@type":"ListItem","position":3,"name":"O spole\u010dnosti xitee"}]},{"@type":"WebSite","@id":"https:\/\/xitee.com\/#website","url":"https:\/\/xitee.com\/","name":"xitee","description":"Poskytovatel IT slu\u017eeb se s\u00eddlem v Praze. Na\u0161e odborn\u00e9 znalosti se soust\u0159ed\u00ed na sektory digit\u00e1ln\u00edho podnik\u00e1n\u00ed, financ\u00ed a energetiky a zdravotnictv\u00ed.","publisher":{"@id":"https:\/\/xitee.com\/#organization"},"potentialAction":[{"@type":"SearchAction","target":{"@type":"EntryPoint","urlTemplate":"https:\/\/xitee.com\/?s={search_term_string}"},"query-input":{"@type":"PropertyValueSpecification","valueRequired":true,"valueName":"search_term_string"}}],"inLanguage":"cs"},{"@type":"Organization","@id":"https:\/\/xitee.com\/#organization","name":"xitee","url":"https:\/\/xitee.com\/","logo":{"@type":"ImageObject","inLanguage":"cs","@id":"https:\/\/xitee.com\/#\/schema\/logo\/image\/","url":"https:\/\/xitee.com\/wp-content\/uploads\/2021\/03\/logo-header.svg","contentUrl":"https:\/\/xitee.com\/wp-content\/uploads\/2021\/03\/logo-header.svg","width":86,"height":30,"caption":"xitee"},"image":{"@id":"https:\/\/xitee.com\/#\/schema\/logo\/image\/"}}]}},"_links":{"self":[{"href":"https:\/\/xitee.com\/cs\/wp-json\/wp\/v2\/pages\/2514","targetHints":{"allow":["GET"]}}],"collection":[{"href":"https:\/\/xitee.com\/cs\/wp-json\/wp\/v2\/pages"}],"about":[{"href":"https:\/\/xitee.com\/cs\/wp-json\/wp\/v2\/types\/page"}],"author":[{"embeddable":true,"href":"https:\/\/xitee.com\/cs\/wp-json\/wp\/v2\/users\/2"}],"replies":[{"embeddable":true,"href":"https:\/\/xitee.com\/cs\/wp-json\/wp\/v2\/comments?post=2514"}],"version-history":[{"count":46,"href":"https:\/\/xitee.com\/cs\/wp-json\/wp\/v2\/pages\/2514\/revisions"}],"predecessor-version":[{"id":5297,"href":"https:\/\/xitee.com\/cs\/wp-json\/wp\/v2\/pages\/2514\/revisions\/5297"}],"up":[{"embeddable":true,"href":"https:\/\/xitee.com\/cs\/wp-json\/wp\/v2\/pages\/2512"}],"wp:featuredmedia":[{"embeddable":true,"href":"https:\/\/xitee.com\/cs\/wp-json\/wp\/v2\/media\/4538"}],"wp:attachment":[{"href":"https:\/\/xitee.com\/cs\/wp-json\/wp\/v2\/media?parent=2514"}],"curies":[{"name":"wp","href":"https:\/\/api.w.org\/{rel}","templated":true}]}}