{"id":2536,"date":"2021-01-21T17:11:46","date_gmt":"2021-01-21T16:11:46","guid":{"rendered":"https:\/\/new.xitee.com\/join-us\/"},"modified":"2024-08-26T11:48:30","modified_gmt":"2024-08-26T09:48:30","slug":"join-us","status":"publish","type":"page","link":"https:\/\/xitee.com\/cs\/join-us\/","title":{"rendered":"P\u0159idejte se k n\u00e1m!"},"content":{"rendered":"","protected":false},"excerpt":{"rendered":"","protected":false},"author":2,"featured_media":4538,"parent":0,"menu_order":0,"comment_status":"closed","ping_status":"closed","template":"rn_join.php","meta":{"_acf_changed":false,"inline_featured_image":false,"footnotes":""},"class_list":["post-2536","page","type-page","status-publish","has-post-thumbnail","hentry"],"acf":[],"yoast_head":"<!-- This site is optimized with the Yoast SEO plugin v27.3 - https:\/\/yoast.com\/product\/yoast-seo-wordpress\/ -->\n<title>P\u0159idejte se k n\u00e1m! | xitee<\/title>\n<meta name=\"description\" content=\"Hled\u00e1me talentovan\u00e9 osobnosti, kter\u00e9 maj\u00ed stejn\u011b jako my smysl pro kvalitn\u011b odvedenou pr\u00e1ci, cht\u011bj\u00ed se neust\u00e1le vyv\u00edjet a pr\u00e1ce pro n\u011b bude z\u00e1bavou. \u2705\" \/>\n<meta name=\"robots\" content=\"index, follow, max-snippet:-1, max-image-preview:large, max-video-preview:-1\" \/>\n<link rel=\"canonical\" href=\"https:\/\/xitee.com\/cs\/join-us\/\" \/>\n<meta property=\"og:locale\" content=\"cs_CZ\" \/>\n<meta property=\"og:type\" content=\"article\" \/>\n<meta property=\"og:title\" content=\"P\u0159idejte se k n\u00e1m! | xitee\" \/>\n<meta property=\"og:description\" content=\"Hled\u00e1me talentovan\u00e9 osobnosti, kter\u00e9 maj\u00ed stejn\u011b jako my smysl pro kvalitn\u011b odvedenou pr\u00e1ci, cht\u011bj\u00ed se neust\u00e1le vyv\u00edjet a pr\u00e1ce pro n\u011b bude z\u00e1bavou. \u2705\" \/>\n<meta property=\"og:url\" content=\"https:\/\/xitee.com\/cs\/join-us\/\" \/>\n<meta property=\"og:site_name\" content=\"xitee\" \/>\n<meta property=\"article:modified_time\" content=\"2024-08-26T09:48:30+00:00\" \/>\n<meta property=\"og:image\" content=\"https:\/\/xitee.com\/wp-content\/uploads\/2021\/09\/interier-31-scaled.jpg\" \/>\n\t<meta property=\"og:image:width\" content=\"2560\" \/>\n\t<meta property=\"og:image:height\" content=\"1372\" \/>\n\t<meta property=\"og:image:type\" content=\"image\/jpeg\" \/>\n<meta name=\"twitter:card\" content=\"summary_large_image\" \/>\n<meta name=\"twitter:label1\" content=\"Odhadovan\u00e1 doba \u010dten\u00ed\" \/>\n\t<meta name=\"twitter:data1\" content=\"1 minuta\" \/>\n<script type=\"application\/ld+json\" class=\"yoast-schema-graph\">{\"@context\":\"https:\\\/\\\/schema.org\",\"@graph\":[{\"@type\":\"WebPage\",\"@id\":\"https:\\\/\\\/xitee.com\\\/cs\\\/join-us\\\/\",\"url\":\"https:\\\/\\\/xitee.com\\\/cs\\\/join-us\\\/\",\"name\":\"P\u0159idejte se k n\u00e1m! | xitee\",\"isPartOf\":{\"@id\":\"https:\\\/\\\/xitee.com\\\/#website\"},\"primaryImageOfPage\":{\"@id\":\"https:\\\/\\\/xitee.com\\\/cs\\\/join-us\\\/#primaryimage\"},\"image\":{\"@id\":\"https:\\\/\\\/xitee.com\\\/cs\\\/join-us\\\/#primaryimage\"},\"thumbnailUrl\":\"https:\\\/\\\/xitee.com\\\/wp-content\\\/uploads\\\/2021\\\/09\\\/interier-31-scaled.jpg\",\"datePublished\":\"2021-01-21T16:11:46+00:00\",\"dateModified\":\"2024-08-26T09:48:30+00:00\",\"description\":\"Hled\u00e1me talentovan\u00e9 osobnosti, kter\u00e9 maj\u00ed stejn\u011b jako my smysl pro kvalitn\u011b odvedenou pr\u00e1ci, cht\u011bj\u00ed se neust\u00e1le vyv\u00edjet a pr\u00e1ce pro n\u011b bude z\u00e1bavou. \u2705\",\"breadcrumb\":{\"@id\":\"https:\\\/\\\/xitee.com\\\/cs\\\/join-us\\\/#breadcrumb\"},\"inLanguage\":\"cs\",\"potentialAction\":[{\"@type\":\"ReadAction\",\"target\":[\"https:\\\/\\\/xitee.com\\\/cs\\\/join-us\\\/\"]}]},{\"@type\":\"ImageObject\",\"inLanguage\":\"cs\",\"@id\":\"https:\\\/\\\/xitee.com\\\/cs\\\/join-us\\\/#primaryimage\",\"url\":\"https:\\\/\\\/xitee.com\\\/wp-content\\\/uploads\\\/2021\\\/09\\\/interier-31-scaled.jpg\",\"contentUrl\":\"https:\\\/\\\/xitee.com\\\/wp-content\\\/uploads\\\/2021\\\/09\\\/interier-31-scaled.jpg\",\"width\":2560,\"height\":1372},{\"@type\":\"BreadcrumbList\",\"@id\":\"https:\\\/\\\/xitee.com\\\/cs\\\/join-us\\\/#breadcrumb\",\"itemListElement\":[{\"@type\":\"ListItem\",\"position\":1,\"name\":\"Dom\u016f\",\"item\":\"https:\\\/\\\/xitee.com\\\/cs\\\/\"},{\"@type\":\"ListItem\",\"position\":2,\"name\":\"P\u0159idejte se k n\u00e1m!\"}]},{\"@type\":\"WebSite\",\"@id\":\"https:\\\/\\\/xitee.com\\\/#website\",\"url\":\"https:\\\/\\\/xitee.com\\\/\",\"name\":\"xitee\",\"description\":\"Poskytovatel IT slu\u017eeb se s\u00eddlem v Praze. Na\u0161e odborn\u00e9 znalosti se soust\u0159ed\u00ed na sektory digit\u00e1ln\u00edho podnik\u00e1n\u00ed, financ\u00ed a energetiky a zdravotnictv\u00ed.\",\"publisher\":{\"@id\":\"https:\\\/\\\/xitee.com\\\/#organization\"},\"potentialAction\":[{\"@type\":\"SearchAction\",\"target\":{\"@type\":\"EntryPoint\",\"urlTemplate\":\"https:\\\/\\\/xitee.com\\\/?s={search_term_string}\"},\"query-input\":{\"@type\":\"PropertyValueSpecification\",\"valueRequired\":true,\"valueName\":\"search_term_string\"}}],\"inLanguage\":\"cs\"},{\"@type\":\"Organization\",\"@id\":\"https:\\\/\\\/xitee.com\\\/#organization\",\"name\":\"xitee\",\"url\":\"https:\\\/\\\/xitee.com\\\/\",\"logo\":{\"@type\":\"ImageObject\",\"inLanguage\":\"cs\",\"@id\":\"https:\\\/\\\/xitee.com\\\/#\\\/schema\\\/logo\\\/image\\\/\",\"url\":\"https:\\\/\\\/xitee.com\\\/wp-content\\\/uploads\\\/2021\\\/03\\\/logo-header.svg\",\"contentUrl\":\"https:\\\/\\\/xitee.com\\\/wp-content\\\/uploads\\\/2021\\\/03\\\/logo-header.svg\",\"width\":86,\"height\":30,\"caption\":\"xitee\"},\"image\":{\"@id\":\"https:\\\/\\\/xitee.com\\\/#\\\/schema\\\/logo\\\/image\\\/\"}}]}<\/script>\n<!-- \/ Yoast SEO plugin. -->","yoast_head_json":{"title":"P\u0159idejte se k n\u00e1m! | xitee","description":"Hled\u00e1me talentovan\u00e9 osobnosti, kter\u00e9 maj\u00ed stejn\u011b jako my smysl pro kvalitn\u011b odvedenou pr\u00e1ci, cht\u011bj\u00ed se neust\u00e1le vyv\u00edjet a pr\u00e1ce pro n\u011b bude z\u00e1bavou. \u2705","robots":{"index":"index","follow":"follow","max-snippet":"max-snippet:-1","max-image-preview":"max-image-preview:large","max-video-preview":"max-video-preview:-1"},"canonical":"https:\/\/xitee.com\/cs\/join-us\/","og_locale":"cs_CZ","og_type":"article","og_title":"P\u0159idejte se k n\u00e1m! | xitee","og_description":"Hled\u00e1me talentovan\u00e9 osobnosti, kter\u00e9 maj\u00ed stejn\u011b jako my smysl pro kvalitn\u011b odvedenou pr\u00e1ci, cht\u011bj\u00ed se neust\u00e1le vyv\u00edjet a pr\u00e1ce pro n\u011b bude z\u00e1bavou. \u2705","og_url":"https:\/\/xitee.com\/cs\/join-us\/","og_site_name":"xitee","article_modified_time":"2024-08-26T09:48:30+00:00","og_image":[{"width":2560,"height":1372,"url":"https:\/\/xitee.com\/wp-content\/uploads\/2021\/09\/interier-31-scaled.jpg","type":"image\/jpeg"}],"twitter_card":"summary_large_image","twitter_misc":{"Odhadovan\u00e1 doba \u010dten\u00ed":"1 minuta"},"schema":{"@context":"https:\/\/schema.org","@graph":[{"@type":"WebPage","@id":"https:\/\/xitee.com\/cs\/join-us\/","url":"https:\/\/xitee.com\/cs\/join-us\/","name":"P\u0159idejte se k n\u00e1m! | xitee","isPartOf":{"@id":"https:\/\/xitee.com\/#website"},"primaryImageOfPage":{"@id":"https:\/\/xitee.com\/cs\/join-us\/#primaryimage"},"image":{"@id":"https:\/\/xitee.com\/cs\/join-us\/#primaryimage"},"thumbnailUrl":"https:\/\/xitee.com\/wp-content\/uploads\/2021\/09\/interier-31-scaled.jpg","datePublished":"2021-01-21T16:11:46+00:00","dateModified":"2024-08-26T09:48:30+00:00","description":"Hled\u00e1me talentovan\u00e9 osobnosti, kter\u00e9 maj\u00ed stejn\u011b jako my smysl pro kvalitn\u011b odvedenou pr\u00e1ci, cht\u011bj\u00ed se neust\u00e1le vyv\u00edjet a pr\u00e1ce pro n\u011b bude z\u00e1bavou. \u2705","breadcrumb":{"@id":"https:\/\/xitee.com\/cs\/join-us\/#breadcrumb"},"inLanguage":"cs","potentialAction":[{"@type":"ReadAction","target":["https:\/\/xitee.com\/cs\/join-us\/"]}]},{"@type":"ImageObject","inLanguage":"cs","@id":"https:\/\/xitee.com\/cs\/join-us\/#primaryimage","url":"https:\/\/xitee.com\/wp-content\/uploads\/2021\/09\/interier-31-scaled.jpg","contentUrl":"https:\/\/xitee.com\/wp-content\/uploads\/2021\/09\/interier-31-scaled.jpg","width":2560,"height":1372},{"@type":"BreadcrumbList","@id":"https:\/\/xitee.com\/cs\/join-us\/#breadcrumb","itemListElement":[{"@type":"ListItem","position":1,"name":"Dom\u016f","item":"https:\/\/xitee.com\/cs\/"},{"@type":"ListItem","position":2,"name":"P\u0159idejte se k n\u00e1m!"}]},{"@type":"WebSite","@id":"https:\/\/xitee.com\/#website","url":"https:\/\/xitee.com\/","name":"xitee","description":"Poskytovatel IT slu\u017eeb se s\u00eddlem v Praze. Na\u0161e odborn\u00e9 znalosti se soust\u0159ed\u00ed na sektory digit\u00e1ln\u00edho podnik\u00e1n\u00ed, financ\u00ed a energetiky a zdravotnictv\u00ed.","publisher":{"@id":"https:\/\/xitee.com\/#organization"},"potentialAction":[{"@type":"SearchAction","target":{"@type":"EntryPoint","urlTemplate":"https:\/\/xitee.com\/?s={search_term_string}"},"query-input":{"@type":"PropertyValueSpecification","valueRequired":true,"valueName":"search_term_string"}}],"inLanguage":"cs"},{"@type":"Organization","@id":"https:\/\/xitee.com\/#organization","name":"xitee","url":"https:\/\/xitee.com\/","logo":{"@type":"ImageObject","inLanguage":"cs","@id":"https:\/\/xitee.com\/#\/schema\/logo\/image\/","url":"https:\/\/xitee.com\/wp-content\/uploads\/2021\/03\/logo-header.svg","contentUrl":"https:\/\/xitee.com\/wp-content\/uploads\/2021\/03\/logo-header.svg","width":86,"height":30,"caption":"xitee"},"image":{"@id":"https:\/\/xitee.com\/#\/schema\/logo\/image\/"}}]}},"_links":{"self":[{"href":"https:\/\/xitee.com\/cs\/wp-json\/wp\/v2\/pages\/2536","targetHints":{"allow":["GET"]}}],"collection":[{"href":"https:\/\/xitee.com\/cs\/wp-json\/wp\/v2\/pages"}],"about":[{"href":"https:\/\/xitee.com\/cs\/wp-json\/wp\/v2\/types\/page"}],"author":[{"embeddable":true,"href":"https:\/\/xitee.com\/cs\/wp-json\/wp\/v2\/users\/2"}],"replies":[{"embeddable":true,"href":"https:\/\/xitee.com\/cs\/wp-json\/wp\/v2\/comments?post=2536"}],"version-history":[{"count":14,"href":"https:\/\/xitee.com\/cs\/wp-json\/wp\/v2\/pages\/2536\/revisions"}],"predecessor-version":[{"id":5045,"href":"https:\/\/xitee.com\/cs\/wp-json\/wp\/v2\/pages\/2536\/revisions\/5045"}],"wp:featuredmedia":[{"embeddable":true,"href":"https:\/\/xitee.com\/cs\/wp-json\/wp\/v2\/media\/4538"}],"wp:attachment":[{"href":"https:\/\/xitee.com\/cs\/wp-json\/wp\/v2\/media?parent=2536"}],"curies":[{"name":"wp","href":"https:\/\/api.w.org\/{rel}","templated":true}]}}