{"id":2546,"date":"2021-03-03T11:48:22","date_gmt":"2021-03-03T10:48:22","guid":{"rendered":"https:\/\/new.xitee.com\/privacy-policy\/"},"modified":"2021-03-25T13:31:54","modified_gmt":"2021-03-25T12:31:54","slug":"gdpr","status":"publish","type":"page","link":"https:\/\/xitee.com\/cs\/gdpr\/","title":{"rendered":"Podm\u00ednky ochrany osobn\u00edch \u00fadaj\u016f"},"content":{"rendered":"\n<h2 class=\"wp-block-heading\"><strong><strong>I. Z\u00e1kladn\u00ed ustanoven\u00ed<\/strong><\/strong> <\/h2>\n\n\n\n<ol class=\"wp-block-list\"><li>Spr\u00e1vcem osobn\u00edch \u00fadaj\u016f podle \u010dl. 4 bod 7 na\u0159\u00edzen\u00ed Evropsk\u00e9ho parlamentu a Rady (EU) 2016\/679 o ochran\u011b fyzick\u00fdch osob v souvislosti se zpracov\u00e1n\u00edm osobn\u00edch \u00fadaj\u016f a o voln\u00e9m pohybu t\u011bchto \u00fadaj\u016f (d\u00e1le jen: \u201eGDPR\u201d) je spole\u010dnost xITee k.s., I\u010cO: 27224830 (d\u00e1le jen: \u201eSpr\u00e1vce\u201c).<\/li><li>Kontaktn\u00ed \u00fadaje Spr\u00e1vce jsou<\/li><\/ol>\n\n\n\n<blockquote class=\"wp-block-quote is-layout-flow wp-block-quote-is-layout-flow\"><p>adresa: Rybn\u00e1 682\/14, Praha 1, 110 00<br>e-mail:\u00a0<a href=\"mailto:withdraw@xitee.com\">withdraw@xitee.com<\/a>,\u00a0<a href=\"mailto:info@xitee.com\">info@xitee.com<\/a><br>telefon: +420\u00a0234\u00a0262 311<\/p><\/blockquote>\n\n\n\n<ol class=\"wp-block-list\"><li>Osobn\u00edmi \u00fadaji se rozum\u00ed ve\u0161ker\u00e9 informace o identifikovan\u00e9 nebo identifikovateln\u00e9 fyzick\u00e9 osob\u011b; identifikovatelnou fyzickou osobou je fyzick\u00e1 osoba, kterou lze p\u0159\u00edmo \u010di nep\u0159\u00edmo identifikovat, zejm\u00e9na odkazem na ur\u010dit\u00fd identifik\u00e1tor, nap\u0159\u00edklad jm\u00e9no, identifika\u010dn\u00ed \u010d\u00edslo, loka\u010dn\u00ed \u00fadaje, s\u00ed\u0165ov\u00fd identifik\u00e1tor nebo na jeden \u010di v\u00edce zvl\u00e1\u0161tn\u00edch prvk\u016f fyzick\u00e9, fyziologick\u00e9, genetick\u00e9, psychick\u00e9, ekonomick\u00e9, kulturn\u00ed nebo spole\u010densk\u00e9 identity t\u00e9to fyzick\u00e9 osoby.<\/li><li>Spr\u00e1vce jmenoval pov\u011b\u0159ence pro ochranu osobn\u00edch \u00fadaj\u016f. Kontaktn\u00edmi \u00fadaji pov\u011b\u0159ence jsou:<\/li><\/ol>\n\n\n\n<blockquote class=\"wp-block-quote is-layout-flow wp-block-quote-is-layout-flow\"><p>Kate\u0159ina H\u016ftov\u00e1<br>e-mail:\u00a0<a href=\"mailto:dpo@xitee.com\">dpo@xitee.com<\/a><br>telefon: +420 774 984 485<\/p><\/blockquote>\n\n\n\n<h2 class=\"wp-block-heading\"><strong><strong>II. Zdroje a kategorie zpracov\u00e1van\u00fdch osobn\u00edch \u00fadaj\u016f<\/strong><\/strong><\/h2>\n\n\n\n<ol class=\"wp-block-list\"><li>Spr\u00e1vce zpracov\u00e1v\u00e1 osobn\u00ed \u00fadaje, kter\u00e9 jste mu poskytl\/a nebo osobn\u00ed \u00fadaje, kter\u00e9 Spr\u00e1vce z\u00edskal na z\u00e1klad\u011b pln\u011bn\u00ed Va\u0161eho po\u017eadavku.<\/li><li>Spr\u00e1vce zpracov\u00e1v\u00e1 Va\u0161e identifika\u010dn\u00ed a kontaktn\u00ed \u00fadaje a \u00fadaje nezbytn\u00e9 pro vy\u0159\u00edzen\u00ed Va\u0161eho po\u017eadavku.<\/li><\/ol>\n\n\n\n<h3 class=\"wp-block-heading\"><strong><strong>III. Z\u00e1konn\u00fd d\u016fvod a \u00fa\u010del zpracov\u00e1n\u00ed osobn\u00edch \u00fadaj\u016f<\/strong><\/strong><\/h3>\n\n\n\n<ol class=\"wp-block-list\"><li>Z\u00e1konn\u00fdm d\u016fvodem zpracov\u00e1n\u00ed osobn\u00edch \u00fadaj\u016f je<\/li><\/ol>\n\n\n\n<ul class=\"wp-block-list\"><li>ud\u011blen\u00ed souhlasu subjektem \u00fadaj\u016f se zpracov\u00e1n\u00edm sv\u00fdch osobn\u00edch \u00fadaj\u016f pro jeden \u010di v\u00edce konkr\u00e9tn\u00edch \u00fa\u010del\u016f podle \u010dl. 6 odst. 1 p\u00edsm. a) GDPR,<\/li><li>opr\u00e1vn\u011bn\u00fd z\u00e1jem Spr\u00e1vce na poskytov\u00e1n\u00ed p\u0159\u00edm\u00e9ho marketingu (zejm\u00e9na pro zas\u00edl\u00e1n\u00ed obchodn\u00edch sd\u011blen\u00ed a newsletter\u016f v\u010detn\u011b slu\u017eeb \u010di zbo\u017e\u00ed 3. stran) podle \u010dl. 6 odst. 1 p\u00edsm. f) GDPR.<\/li><li>pln\u011bn\u00ed smlouvy na z\u00e1klad\u011b pr\u00e1vn\u00edho titulu,<\/li><li>legislativn\u00ed na\u0159\u00edzen\u00ed.<\/li><li>\u00da\u010delem zpracov\u00e1n\u00ed osobn\u00edch \u00fadaj\u016f je<\/li><li>v\u00fdb\u011brov\u00e9 \u0159\u00edzen\u00ed na danou pracovn\u00ed pozici; pro tyto \u00fa\u010dely jsou vy\u017eadov\u00e1ny osobn\u00ed \u00fadaje, kter\u00e9 jsou nutn\u00e9 pro za\u0159azen\u00ed uchaze\u010de do v\u00fdb\u011brov\u00e9ho \u0159\u00edzen\u00ed (v rozsahu jm\u00e9no, p\u0159\u00edjmen\u00ed, adresa, telefonn\u00ed \u010d\u00edslo a email); poskytnut\u00ed osobn\u00edch \u00fadaj\u016f je nutn\u00fdm po\u017eadavkem pro v\u00fdb\u011brov\u00e9 \u0159\u00edzen\u00ed, bez poskytnut\u00ed osobn\u00edch \u00fadaj\u016f nen\u00ed mo\u017en\u00e9 uchaze\u010de do v\u00fdb\u011brov\u00e9ho \u0159\u00edzen\u00ed za\u0159adit,<\/li><li>evidov\u00e1n\u00ed Va\u0161\u00ed osoby jako\u017eto potenci\u00e1ln\u00edho zam\u011bstnance u Spr\u00e1vce; pro tyto \u00fa\u010dely jsou vy\u017eadov\u00e1ny osobn\u00ed \u00fadaje, kter\u00e9 jsou nutn\u00e9 pro za\u0159azen\u00ed uchaze\u010de do evidence uchaze\u010d\u016f o zam\u011bstn\u00e1n\u00ed (nap\u0159. jm\u00e9no, p\u0159\u00edjmen\u00ed, adresa, telefonn\u00ed \u010d\u00edslo, email apod.; poskytnut\u00ed osobn\u00edch \u00fadaj\u016f je nutn\u00fdm po\u017eadavkem pro za\u0159azen\u00ed uchaze\u010de do evidence, bez poskytnut\u00ed osobn\u00edch \u00fadaj\u016f nen\u00ed mo\u017en\u00e9 uchaze\u010de do evidence za\u0159adit; souhlas se ud\u011bluje na dobu 1 roku ode dne odesl\u00e1n\u00ed osobn\u00edch \u00fadaj\u016f,<\/li><li>vy\u0159\u00edzen\u00ed dotaz\u016f zaslan\u00fdch Spr\u00e1vce prost\u0159ednictv\u00edm kontaktn\u00edho webov\u00e9ho formul\u00e1\u0159e (v rozsahu jm\u00e9no, p\u0159\u00edjmen\u00ed, n\u00e1zev spole\u010dnosti, email, telefonn\u00ed \u010d\u00edslo a text Va\u0161\u00ed zpr\u00e1vy),<\/li><li>prov\u00e1d\u011bn\u00ed statistick\u00fdch anal\u00fdz a v\u00fdzkum\u016f anebo k p\u0159izp\u016fsobov\u00e1n\u00ed obsahu sv\u00fdch slu\u017eeb (v rozsahu IP adresa),<\/li><li>zas\u00edl\u00e1n\u00ed obchodn\u00edch sd\u011blen\u00ed, newsletter\u016f (v\u010detn\u011b slu\u017eeb \u010di zbo\u017e\u00ed 3. stran) a \u010din\u011bn\u00ed dal\u0161\u00edch marketingov\u00fdch aktivit,<\/li><li>evidence z\u00e1kazn\u00edk\u016f a uchaze\u010d\u016f o zam\u011bstn\u00e1n\u00ed.<\/li><\/ul>\n\n\n\n<p>2. Ze strany Spr\u00e1vce nedoch\u00e1z\u00ed k\u00a0automatick\u00e9mu individu\u00e1ln\u00edmu rozhodov\u00e1n\u00ed ve\u00a0smyslu \u010dl. 22 GDPR.<\/p>\n\n\n\n<h3 class=\"wp-block-heading\"><strong><strong>IV. Cookies<\/strong><\/strong><\/h3>\n\n\n\n<ol class=\"wp-block-list\"><li>V r\u00e1mci sv\u00fdch webov\u00fdch str\u00e1nek pou\u017e\u00edv\u00e1 Spr\u00e1vce cookies za t\u011bmito \u00fa\u010dely:<\/li><li>udr\u017een\u00ed u\u017eivatelsk\u00e9 relace; tyto cookies jsou nezbytn\u00e9 k tomu, aby byl Spr\u00e1vce p\u0159i zobrazov\u00e1n\u00ed webov\u00fdch str\u00e1nek schopen rozli\u0161it jednotliv\u00e9 u\u017eivatele a zobrazit tak relevantn\u00ed \u00fadaje pouze pro u\u017eivatele;<\/li><li>z\u00e1kladn\u00ed nastaven\u00ed str\u00e1nek i pro nep\u0159ihl\u00e1\u0161en\u00e9 u\u017eivatele, ovliv\u0148uj\u00edc\u00ed zobrazov\u00e1n\u00ed webov\u00fdch str\u00e1nek dle volby u\u017eivatele (kdy\u017e nap\u0159. u\u017eivatel zak\u00e1\u017ee zobrazov\u00e1n\u00ed ur\u010dit\u00e9ho grafick\u00e9ho prvku, tyto cookies umo\u017e\u0148uj\u00ed respektov\u00e1n\u00ed takov\u00e9 volby u\u017eivatele) anebo zohled\u0148uj\u00edc\u00ed \u010detnost \u010di po\u0159ad\u00ed prohl\u00ed\u017een\u00ed str\u00e1nek (nap\u0159. p\u0159i prvn\u00ed n\u00e1v\u0161t\u011bv\u011b mohou b\u00fdt zobrazeny informace, kter\u00e9 se ji\u017e p\u0159i p\u0159\u00ed\u0161t\u00edch n\u00e1v\u0161t\u011bv\u00e1ch nezobrazuj\u00ed).<\/li><li>Str\u00e1nky mohou obsahovat takt\u00e9\u017e cookies t\u0159et\u00edch stran, kter\u00e9 spr\u00e1vci slou\u017e\u00ed k z\u00edsk\u00e1v\u00e1n\u00ed anonymn\u00edch statistik o n\u00e1v\u0161t\u011bvnosti a typick\u00e9m chov\u00e1n\u00ed u\u017eivatel\u016f na jednotliv\u00fdch str\u00e1nk\u00e1ch. Tyto t\u0159et\u00ed strany zpravidla neukl\u00e1daj\u00ed v souvislosti s pou\u017e\u00edv\u00e1n\u00edm cookies \u017e\u00e1dn\u00e9 osobn\u00ed \u00fadaje, nebo\u0165 jim identita u\u017eivatele nen\u00ed zn\u00e1ma (za p\u0159edpokladu, \u017ee u\u017eivatel nen\u00ed sou\u010dasn\u011b registrovan\u00fdm u\u017eivatelem produkt\u016f takov\u00e9 t\u0159et\u00ed strany, nap\u0159. Google).<\/li><li>Podrobn\u011bj\u0161\u00ed informace naleznete v\u00a0dokumentu\u00a0Podm\u00ednky u\u017e\u00edv\u00e1n\u00ed internetov\u00fdch str\u00e1nek\u00a0nebo na webov\u00fdch str\u00e1nk\u00e1ch Spr\u00e1vce zde:\u00a0<a href=\"https:\/\/new.xitee.com\/cs\/podminky-uzivani\/\">https:\/\/new.xitee.com\/cs\/podminky-uzivani\/<\/a>.<\/li><\/ol>\n\n\n\n<h3 class=\"wp-block-heading\"><strong><strong>V. Doba uchov\u00e1v\u00e1n\u00ed \u00fadaj\u016f<\/strong><\/strong><\/h3>\n\n\n\n<ol class=\"wp-block-list\"><li>Spr\u00e1vce uchov\u00e1v\u00e1 osobn\u00ed \u00fadaje<\/li><li>po dobu nezbytnou k v\u00fdkonu pr\u00e1v a povinnost\u00ed,<\/li><li>po dobu nezbytn\u011b nutnou, v\u00a0p\u0159\u00edpad\u011b zpracov\u00e1v\u00e1n\u00ed k vy\u0159\u00edzen\u00ed dotaz\u016f,<\/li><li>po dobu, ne\u017e je odvol\u00e1n dobrovoln\u00fd souhlas se zpracov\u00e1n\u00edm osobn\u00edch \u00fadaj\u016f v\u00a0p\u0159\u00edpad\u011b evidov\u00e1n\u00ed Va\u0161\u00ed osoby jako\u017eto potenci\u00e1ln\u00edho zam\u011bstnance, nejd\u00e9le v\u0161ak po dobu 1 roku, a to ode dne odesl\u00e1n\u00ed osobn\u00edch \u00fadaj\u016f,<\/li><li>po dobu, ne\u017e je odvol\u00e1n dobrovoln\u00fd souhlas se zpracov\u00e1n\u00edm osobn\u00edch \u00fadaj\u016f pro \u00fa\u010dely marketingu, jsou-li osobn\u00ed \u00fadaje zpracov\u00e1v\u00e1ny na z\u00e1klad\u011b souhlasu.<\/li><li>Po uplynut\u00ed doby uchov\u00e1v\u00e1n\u00ed osobn\u00edch \u00fadaj\u016f Spr\u00e1vce osobn\u00ed \u00fadaje vyma\u017ee.<\/li><\/ol>\n\n\n\n<h3 class=\"wp-block-heading\"><strong><strong><strong>VI. P\u0159\u00edjemci osobn\u00edch \u00fadaj\u016f (subdodavatel\u00e9 Spr\u00e1vce)<\/strong><\/strong><\/strong><\/h3>\n\n\n\n<ol class=\"wp-block-list\"><li>P\u0159\u00edjemci osobn\u00edch \u00fadaj\u016f, z\u00edskan\u00fdch od z\u00e1kazn\u00edk\u016f \/ uchaze\u010d\u016f o zam\u011bstn\u00e1n\u00ed, jsou pouze opr\u00e1vn\u011bn\u00ed zam\u011bstnanci Spr\u00e1vce. Ve\u0161ker\u00e9 osobn\u00ed \u00fadaje vyu\u017e\u00edv\u00e1me v\u00fdhradn\u011b pro vnit\u0159n\u00ed pot\u0159ebu spole\u010dnosti, chr\u00e1n\u00edme p\u0159ed zneu\u017eit\u00edm a neposkytujeme t\u0159et\u00edm stran\u00e1m bez p\u0159edchoz\u00edho upozorn\u011bn\u00ed nebo va\u0161eho souhlasu.<\/li><li>V\u00fdjimku p\u0159edstavuj\u00ed instituce, kter\u00e9 osobn\u00ed data od Spr\u00e1vce m\u016f\u017eou p\u0159ij\u00edmat na z\u00e1klad\u011b legislativn\u00edch na\u0159\u00edzen\u00ed (nap\u0159. povinn\u00e1 hl\u00e1\u0161en\u00ed org\u00e1n\u016fm st\u00e1tn\u00ed spr\u00e1vy, poji\u0161\u0165ovny, org\u00e1ny finan\u010dn\u00ed spr\u00e1vy atp.) nebo v p\u0159im\u011b\u0159en\u00e9m rozsahu vybran\u00fdm dodavatel\u016fm slu\u017eeb. S t\u011bmito dodavateli m\u00e1me uzav\u0159eny smluvn\u00ed vztahy, kter\u00e9 obsahuj\u00ed nezbytn\u00e1 pravidla pro nakl\u00e1d\u00e1n\u00ed s osobn\u00edmi \u00fadaji v rozsahu a parametrech vy\u017eadovan\u00fdch dle\u00a0\u010dl. 28 GDPR.<\/li><li>V\u00fdjimku tak\u00e9 p\u0159edstavuj\u00ed extern\u00ed spole\u010dnosti (n\u00ed\u017ee uveden\u00ed zpracovatel\u00e9), kter\u00e9 pro n\u00e1s zaji\u0161\u0165uj\u00ed podp\u016frn\u00e9 slu\u017eby, a to pouze v m\u00ed\u0159e nezbytn\u00e9 pro \u00fa\u010dely zpracov\u00e1n\u00ed:<\/li><li>Google LLC, 1600 Amphitheatre Parkway, Mountain View, CA 94043, USA, pro \u00fa\u010del zpracov\u00e1n\u00ed uveden\u00fd v\u00a0\u010dl. III., pod \u010d\u00edsl. 2. a pod p\u00edsm. d)<\/li><li>Facebook, Facebook Headquarters, 1 Hacker Way, Menlo Park, CA 94025, pro \u00fa\u010del zpracov\u00e1n\u00ed uveden\u00fd v\u00a0\u010dl. III., pod \u010d\u00edsl. 2. a pod p\u00edsm. e)<\/li><\/ol>\n\n\n\n<h3 class=\"wp-block-heading\"><strong><strong><strong><strong>VII. Va\u0161e pr\u00e1va<\/strong><\/strong><\/strong><\/strong><\/h3>\n\n\n\n<ol class=\"wp-block-list\"><li>Za podm\u00ednek stanoven\u00fdch v\u00a0GDPR m\u00e1te<\/li><li>pr\u00e1vo na p\u0159\u00edstup ke sv\u00fdm osobn\u00edm \u00fadaj\u016fm dle \u010dl. 15 GDPR,<\/li><li>pr\u00e1vo opravu osobn\u00edch \u00fadaj\u016f dle \u010dl. 16 GDPR, pop\u0159\u00edpad\u011b omezen\u00ed zpracov\u00e1n\u00ed dle \u010dl. 18 GDPR.<\/li><li>pr\u00e1vo na v\u00fdmaz osobn\u00edch \u00fadaj\u016f dle \u010dl. 17 GDPR.<\/li><li>pr\u00e1vo vzn\u00e9st n\u00e1mitku proti zpracov\u00e1n\u00ed dle \u010dl. 21 GDPR a<\/li><li>pr\u00e1vo na p\u0159enositelnost \u00fadaj\u016f dle \u010dl. 20 GDPR.<\/li><li>pr\u00e1vo odvolat souhlas se zpracov\u00e1n\u00edm p\u00edsemn\u011b nebo elektronicky na adresu nebo email Spr\u00e1vce uveden\u00fd v\u00a0\u010dl. I t\u011bchto podm\u00ednek.<\/li><li>D\u00e1le m\u00e1te pr\u00e1vo podat st\u00ed\u017enost u \u00da\u0159adu pro ochranu osobn\u00edch \u00fadaj\u016f v p\u0159\u00edpad\u011b, \u017ee se domn\u00edv\u00e1te, \u017ee bylo poru\u0161eno Va\u0161e pr\u00e1vo na ochranu osobn\u00edch \u00fadaj\u016f.<\/li><\/ol>\n\n\n\n<h3 class=\"wp-block-heading\"><strong><strong><strong><strong><strong>VIII. Podm\u00ednky zabezpe\u010den\u00ed osobn\u00edch \u00fadaj\u016f<\/strong><\/strong><\/strong><\/strong><\/strong><\/h3>\n\n\n\n<ol class=\"wp-block-list\"><li>Spr\u00e1vce prohla\u0161uje, \u017ee p\u0159ijal ve\u0161ker\u00e1 vhodn\u00e1 technick\u00e1 a organiza\u010dn\u00ed opat\u0159en\u00ed k\u00a0zabezpe\u010den\u00ed osobn\u00edch \u00fadaj\u016f.<\/li><li>Spr\u00e1vce p\u0159ijal technick\u00e1 opat\u0159en\u00ed k\u00a0zabezpe\u010den\u00ed datov\u00fdch \u00falo\u017ei\u0161\u0165 a \u00falo\u017ei\u0161\u0165 osobn\u00edch \u00fadaj\u016f v\u00a0listinn\u00e9 podob\u011b, zejm\u00e9na pomoc\u00ed: \u0159\u00edzen\u00ed p\u0159\u00edstupov\u00fdch pr\u00e1v, \u0161ifrov\u00e1n\u00ed dat, ochrany pomoc\u00ed aplika\u010dn\u00edho firewallu, prov\u00e1d\u011bn\u00ed pravideln\u00fdch z\u00e1loh a mnoha dal\u0161\u00edch d\u00edl\u010d\u00edch opat\u0159en\u00ed, kter\u00e1 Spr\u00e1vce prov\u00e1d\u00ed jako\u017eto dr\u017eitel certifik\u00e1tu ISO 27001 (syst\u00e9m managementu bezpe\u010dnosti informac\u00ed).<\/li><li>Spr\u00e1vce prohla\u0161uje, \u017ee k\u00a0osobn\u00edm \u00fadaj\u016fm maj\u00ed p\u0159\u00edstup pouze j\u00edm pov\u011b\u0159en\u00e9 osoby.<\/li><\/ol>\n\n\n\n<h3 class=\"wp-block-heading\"><strong><strong><strong><strong><strong><strong>IX. Z\u00e1v\u011bre\u010dn\u00e1 ustanoven\u00ed<\/strong><\/strong><\/strong><\/strong><\/strong><\/strong><\/h3>\n\n\n\n<ol class=\"wp-block-list\"><li>Odesl\u00e1n\u00edm dotazu nebo \u017e\u00e1dosti do v\u00fdb\u011brov\u00e9ho \u0159\u00edzen\u00ed prost\u0159ednictv\u00edm kontaktn\u00edho webov\u00e9ho formul\u00e1\u0159e potvrzujete, \u017ee jste sezn\u00e1men\/a s podm\u00ednkami ochrany osobn\u00edch \u00fadaj\u016f a \u017ee je v cel\u00e9m rozsahu p\u0159ij\u00edm\u00e1te.<\/li><li>S\u00a0t\u011bmito podm\u00ednkami souhlas\u00edte za\u0161krtnut\u00edm souhlasu prost\u0159ednictv\u00edm internetov\u00e9ho formul\u00e1\u0159e. Za\u0161krtnut\u00edm souhlasu potvrzujete, \u017ee jste sezn\u00e1men\/a s podm\u00ednkami ochrany osobn\u00edch \u00fadaj\u016f a \u017ee je v cel\u00e9m rozsahu p\u0159ij\u00edm\u00e1te.<\/li><li>Spr\u00e1vce je opr\u00e1vn\u011bn tyto podm\u00ednky zm\u011bnit. Novou verzi podm\u00ednek ochrany osobn\u00edch \u00fadaj\u016f zve\u0159ejn\u00ed na sv\u00fdch internetov\u00fdch str\u00e1nk\u00e1ch.<\/li><\/ol>\n\n\n\n<p>Podm\u00ednky ochrany osobn\u00edch \u00fadaj\u016f<br>Tyto podm\u00ednky nab\u00fdvaj\u00ed \u00fa\u010dinnosti dnem: 25.5.2018<br>version: 1.0<\/p>\n\n\n\n<div style=\"height:100px\" aria-hidden=\"true\" class=\"wp-block-spacer\"><\/div>\n\n\n\n<p><\/p>\n","protected":false},"excerpt":{"rendered":"<p>I. Z\u00e1kladn\u00ed ustanoven\u00ed Spr\u00e1vcem osobn\u00edch \u00fadaj\u016f podle \u010dl. 4 bod 7 na\u0159\u00edzen\u00ed Evropsk\u00e9ho parlamentu a Rady (EU) 2016\/679 o ochran\u011b fyzick\u00fdch osob v souvislosti se zpracov\u00e1n\u00edm osobn\u00edch \u00fadaj\u016f a o voln\u00e9m pohybu t\u011bchto \u00fadaj\u016f (d\u00e1le jen: \u201eGDPR\u201d) je spole\u010dnost xITee k.s., I\u010cO: 27224830 (d\u00e1le jen: \u201eSpr\u00e1vce\u201c). Kontaktn\u00ed \u00fadaje Spr\u00e1vce jsou adresa: Rybn\u00e1 682\/14, Praha 1, [&hellip;]<\/p>\n","protected":false},"author":6,"featured_media":0,"parent":0,"menu_order":0,"comment_status":"closed","ping_status":"closed","template":"","meta":{"_acf_changed":false,"inline_featured_image":false,"footnotes":""},"class_list":["post-2546","page","type-page","status-publish","hentry"],"acf":[],"yoast_head":"<!-- This site is optimized with the Yoast SEO plugin v27.4 - https:\/\/yoast.com\/product\/yoast-seo-wordpress\/ -->\n<title>Podm\u00ednky ochrany osobn\u00edch \u00fadaj\u016f - xitee<\/title>\n<meta name=\"robots\" content=\"index, follow, max-snippet:-1, max-image-preview:large, max-video-preview:-1\" \/>\n<link rel=\"canonical\" href=\"https:\/\/xitee.com\/cs\/gdpr\/\" \/>\n<meta property=\"og:locale\" content=\"cs_CZ\" \/>\n<meta property=\"og:type\" content=\"article\" \/>\n<meta property=\"og:title\" content=\"Podm\u00ednky ochrany osobn\u00edch \u00fadaj\u016f - xitee\" \/>\n<meta property=\"og:description\" content=\"I. Z\u00e1kladn\u00ed ustanoven\u00ed Spr\u00e1vcem osobn\u00edch \u00fadaj\u016f podle \u010dl. 4 bod 7 na\u0159\u00edzen\u00ed Evropsk\u00e9ho parlamentu a Rady (EU) 2016\/679 o ochran\u011b fyzick\u00fdch osob v souvislosti se zpracov\u00e1n\u00edm osobn\u00edch \u00fadaj\u016f a o voln\u00e9m pohybu t\u011bchto \u00fadaj\u016f (d\u00e1le jen: \u201eGDPR\u201d) je spole\u010dnost xITee k.s., I\u010cO: 27224830 (d\u00e1le jen: \u201eSpr\u00e1vce\u201c). Kontaktn\u00ed \u00fadaje Spr\u00e1vce jsou adresa: Rybn\u00e1 682\/14, Praha 1, [&hellip;]\" \/>\n<meta property=\"og:url\" content=\"https:\/\/xitee.com\/cs\/gdpr\/\" \/>\n<meta property=\"og:site_name\" content=\"xitee\" \/>\n<meta property=\"article:modified_time\" content=\"2021-03-25T12:31:54+00:00\" \/>\n<meta name=\"twitter:card\" content=\"summary_large_image\" \/>\n<meta name=\"twitter:label1\" content=\"Odhadovan\u00e1 doba \u010dten\u00ed\" \/>\n\t<meta name=\"twitter:data1\" content=\"6 minut\" \/>\n<script type=\"application\/ld+json\" class=\"yoast-schema-graph\">{\"@context\":\"https:\\\/\\\/schema.org\",\"@graph\":[{\"@type\":\"WebPage\",\"@id\":\"https:\\\/\\\/xitee.com\\\/cs\\\/gdpr\\\/\",\"url\":\"https:\\\/\\\/xitee.com\\\/cs\\\/gdpr\\\/\",\"name\":\"Podm\u00ednky ochrany osobn\u00edch \u00fadaj\u016f - xitee\",\"isPartOf\":{\"@id\":\"https:\\\/\\\/xitee.com\\\/#website\"},\"datePublished\":\"2021-03-03T10:48:22+00:00\",\"dateModified\":\"2021-03-25T12:31:54+00:00\",\"breadcrumb\":{\"@id\":\"https:\\\/\\\/xitee.com\\\/cs\\\/gdpr\\\/#breadcrumb\"},\"inLanguage\":\"cs\",\"potentialAction\":[{\"@type\":\"ReadAction\",\"target\":[\"https:\\\/\\\/xitee.com\\\/cs\\\/gdpr\\\/\"]}]},{\"@type\":\"BreadcrumbList\",\"@id\":\"https:\\\/\\\/xitee.com\\\/cs\\\/gdpr\\\/#breadcrumb\",\"itemListElement\":[{\"@type\":\"ListItem\",\"position\":1,\"name\":\"Dom\u016f\",\"item\":\"https:\\\/\\\/xitee.com\\\/cs\\\/\"},{\"@type\":\"ListItem\",\"position\":2,\"name\":\"Podm\u00ednky ochrany osobn\u00edch \u00fadaj\u016f\"}]},{\"@type\":\"WebSite\",\"@id\":\"https:\\\/\\\/xitee.com\\\/#website\",\"url\":\"https:\\\/\\\/xitee.com\\\/\",\"name\":\"xitee\",\"description\":\"Poskytovatel IT slu\u017eeb se s\u00eddlem v Praze. Na\u0161e odborn\u00e9 znalosti se soust\u0159ed\u00ed na sektory digit\u00e1ln\u00edho podnik\u00e1n\u00ed, financ\u00ed a energetiky a zdravotnictv\u00ed.\",\"publisher\":{\"@id\":\"https:\\\/\\\/xitee.com\\\/#organization\"},\"potentialAction\":[{\"@type\":\"SearchAction\",\"target\":{\"@type\":\"EntryPoint\",\"urlTemplate\":\"https:\\\/\\\/xitee.com\\\/?s={search_term_string}\"},\"query-input\":{\"@type\":\"PropertyValueSpecification\",\"valueRequired\":true,\"valueName\":\"search_term_string\"}}],\"inLanguage\":\"cs\"},{\"@type\":\"Organization\",\"@id\":\"https:\\\/\\\/xitee.com\\\/#organization\",\"name\":\"xitee\",\"url\":\"https:\\\/\\\/xitee.com\\\/\",\"logo\":{\"@type\":\"ImageObject\",\"inLanguage\":\"cs\",\"@id\":\"https:\\\/\\\/xitee.com\\\/#\\\/schema\\\/logo\\\/image\\\/\",\"url\":\"https:\\\/\\\/xitee.com\\\/wp-content\\\/uploads\\\/2021\\\/03\\\/logo-header.svg\",\"contentUrl\":\"https:\\\/\\\/xitee.com\\\/wp-content\\\/uploads\\\/2021\\\/03\\\/logo-header.svg\",\"width\":86,\"height\":30,\"caption\":\"xitee\"},\"image\":{\"@id\":\"https:\\\/\\\/xitee.com\\\/#\\\/schema\\\/logo\\\/image\\\/\"}}]}<\/script>\n<!-- \/ Yoast SEO plugin. -->","yoast_head_json":{"title":"Podm\u00ednky ochrany osobn\u00edch \u00fadaj\u016f - xitee","robots":{"index":"index","follow":"follow","max-snippet":"max-snippet:-1","max-image-preview":"max-image-preview:large","max-video-preview":"max-video-preview:-1"},"canonical":"https:\/\/xitee.com\/cs\/gdpr\/","og_locale":"cs_CZ","og_type":"article","og_title":"Podm\u00ednky ochrany osobn\u00edch \u00fadaj\u016f - xitee","og_description":"I. Z\u00e1kladn\u00ed ustanoven\u00ed Spr\u00e1vcem osobn\u00edch \u00fadaj\u016f podle \u010dl. 4 bod 7 na\u0159\u00edzen\u00ed Evropsk\u00e9ho parlamentu a Rady (EU) 2016\/679 o ochran\u011b fyzick\u00fdch osob v souvislosti se zpracov\u00e1n\u00edm osobn\u00edch \u00fadaj\u016f a o voln\u00e9m pohybu t\u011bchto \u00fadaj\u016f (d\u00e1le jen: \u201eGDPR\u201d) je spole\u010dnost xITee k.s., I\u010cO: 27224830 (d\u00e1le jen: \u201eSpr\u00e1vce\u201c). Kontaktn\u00ed \u00fadaje Spr\u00e1vce jsou adresa: Rybn\u00e1 682\/14, Praha 1, [&hellip;]","og_url":"https:\/\/xitee.com\/cs\/gdpr\/","og_site_name":"xitee","article_modified_time":"2021-03-25T12:31:54+00:00","twitter_card":"summary_large_image","twitter_misc":{"Odhadovan\u00e1 doba \u010dten\u00ed":"6 minut"},"schema":{"@context":"https:\/\/schema.org","@graph":[{"@type":"WebPage","@id":"https:\/\/xitee.com\/cs\/gdpr\/","url":"https:\/\/xitee.com\/cs\/gdpr\/","name":"Podm\u00ednky ochrany osobn\u00edch \u00fadaj\u016f - xitee","isPartOf":{"@id":"https:\/\/xitee.com\/#website"},"datePublished":"2021-03-03T10:48:22+00:00","dateModified":"2021-03-25T12:31:54+00:00","breadcrumb":{"@id":"https:\/\/xitee.com\/cs\/gdpr\/#breadcrumb"},"inLanguage":"cs","potentialAction":[{"@type":"ReadAction","target":["https:\/\/xitee.com\/cs\/gdpr\/"]}]},{"@type":"BreadcrumbList","@id":"https:\/\/xitee.com\/cs\/gdpr\/#breadcrumb","itemListElement":[{"@type":"ListItem","position":1,"name":"Dom\u016f","item":"https:\/\/xitee.com\/cs\/"},{"@type":"ListItem","position":2,"name":"Podm\u00ednky ochrany osobn\u00edch \u00fadaj\u016f"}]},{"@type":"WebSite","@id":"https:\/\/xitee.com\/#website","url":"https:\/\/xitee.com\/","name":"xitee","description":"Poskytovatel IT slu\u017eeb se s\u00eddlem v Praze. Na\u0161e odborn\u00e9 znalosti se soust\u0159ed\u00ed na sektory digit\u00e1ln\u00edho podnik\u00e1n\u00ed, financ\u00ed a energetiky a zdravotnictv\u00ed.","publisher":{"@id":"https:\/\/xitee.com\/#organization"},"potentialAction":[{"@type":"SearchAction","target":{"@type":"EntryPoint","urlTemplate":"https:\/\/xitee.com\/?s={search_term_string}"},"query-input":{"@type":"PropertyValueSpecification","valueRequired":true,"valueName":"search_term_string"}}],"inLanguage":"cs"},{"@type":"Organization","@id":"https:\/\/xitee.com\/#organization","name":"xitee","url":"https:\/\/xitee.com\/","logo":{"@type":"ImageObject","inLanguage":"cs","@id":"https:\/\/xitee.com\/#\/schema\/logo\/image\/","url":"https:\/\/xitee.com\/wp-content\/uploads\/2021\/03\/logo-header.svg","contentUrl":"https:\/\/xitee.com\/wp-content\/uploads\/2021\/03\/logo-header.svg","width":86,"height":30,"caption":"xitee"},"image":{"@id":"https:\/\/xitee.com\/#\/schema\/logo\/image\/"}}]}},"_links":{"self":[{"href":"https:\/\/xitee.com\/cs\/wp-json\/wp\/v2\/pages\/2546","targetHints":{"allow":["GET"]}}],"collection":[{"href":"https:\/\/xitee.com\/cs\/wp-json\/wp\/v2\/pages"}],"about":[{"href":"https:\/\/xitee.com\/cs\/wp-json\/wp\/v2\/types\/page"}],"author":[{"embeddable":true,"href":"https:\/\/xitee.com\/cs\/wp-json\/wp\/v2\/users\/6"}],"replies":[{"embeddable":true,"href":"https:\/\/xitee.com\/cs\/wp-json\/wp\/v2\/comments?post=2546"}],"version-history":[{"count":7,"href":"https:\/\/xitee.com\/cs\/wp-json\/wp\/v2\/pages\/2546\/revisions"}],"predecessor-version":[{"id":3106,"href":"https:\/\/xitee.com\/cs\/wp-json\/wp\/v2\/pages\/2546\/revisions\/3106"}],"wp:attachment":[{"href":"https:\/\/xitee.com\/cs\/wp-json\/wp\/v2\/media?parent=2546"}],"curies":[{"name":"wp","href":"https:\/\/api.w.org\/{rel}","templated":true}]}}