{"id":2548,"date":"2021-01-21T17:12:20","date_gmt":"2021-01-21T16:12:20","guid":{"rendered":"https:\/\/new.xitee.com\/services\/"},"modified":"2021-09-08T14:04:23","modified_gmt":"2021-09-08T12:04:23","slug":"sluzby","status":"publish","type":"page","link":"https:\/\/xitee.com\/cs\/sluzby\/","title":{"rendered":"Na\u0161e slu\u017eby"},"content":{"rendered":"","protected":false},"excerpt":{"rendered":"","protected":false},"author":2,"featured_media":4312,"parent":0,"menu_order":0,"comment_status":"closed","ping_status":"closed","template":"rn_services.php","meta":{"_acf_changed":false,"inline_featured_image":false,"footnotes":""},"class_list":["post-2548","page","type-page","status-publish","has-post-thumbnail","hentry"],"acf":[],"yoast_head":"<!-- This site is optimized with the Yoast SEO plugin v27.4 - https:\/\/yoast.com\/product\/yoast-seo-wordpress\/ -->\n<title>Na\u0161e slu\u017eby - xitee<\/title>\n<meta name=\"description\" content=\"Xitee nab\u00edz\u00ed IT slu\u017eby s vysokou kvalitou v oblasti V\u00fdvoje a Testov\u00e1n\u00ed Sofwaru \u2705 IT Konzultace \u2705 Cloudifikace \u2705 Ochrana Dat \u2705\" \/>\n<meta name=\"robots\" content=\"index, follow, max-snippet:-1, max-image-preview:large, max-video-preview:-1\" \/>\n<link rel=\"canonical\" href=\"https:\/\/xitee.com\/cs\/sluzby\/\" \/>\n<meta property=\"og:locale\" content=\"cs_CZ\" \/>\n<meta property=\"og:type\" content=\"article\" \/>\n<meta property=\"og:title\" content=\"Na\u0161e slu\u017eby - xitee\" \/>\n<meta property=\"og:description\" content=\"Xitee nab\u00edz\u00ed IT slu\u017eby s vysokou kvalitou v oblasti V\u00fdvoje a Testov\u00e1n\u00ed Sofwaru \u2705 IT Konzultace \u2705 Cloudifikace \u2705 Ochrana Dat \u2705\" \/>\n<meta property=\"og:url\" content=\"https:\/\/xitee.com\/cs\/sluzby\/\" \/>\n<meta property=\"og:site_name\" content=\"xitee\" \/>\n<meta property=\"article:modified_time\" content=\"2021-09-08T12:04:23+00:00\" \/>\n<meta property=\"og:image\" content=\"https:\/\/xitee.com\/wp-content\/uploads\/2021\/03\/valyoubel-scaled.jpg\" \/>\n\t<meta property=\"og:image:width\" content=\"2560\" \/>\n\t<meta property=\"og:image:height\" content=\"1707\" \/>\n\t<meta property=\"og:image:type\" content=\"image\/jpeg\" \/>\n<meta name=\"twitter:card\" content=\"summary_large_image\" \/>\n<script type=\"application\/ld+json\" class=\"yoast-schema-graph\">{\"@context\":\"https:\\\/\\\/schema.org\",\"@graph\":[{\"@type\":\"WebPage\",\"@id\":\"https:\\\/\\\/xitee.com\\\/cs\\\/sluzby\\\/\",\"url\":\"https:\\\/\\\/xitee.com\\\/cs\\\/sluzby\\\/\",\"name\":\"Na\u0161e slu\u017eby - xitee\",\"isPartOf\":{\"@id\":\"https:\\\/\\\/xitee.com\\\/#website\"},\"primaryImageOfPage\":{\"@id\":\"https:\\\/\\\/xitee.com\\\/cs\\\/sluzby\\\/#primaryimage\"},\"image\":{\"@id\":\"https:\\\/\\\/xitee.com\\\/cs\\\/sluzby\\\/#primaryimage\"},\"thumbnailUrl\":\"https:\\\/\\\/xitee.com\\\/wp-content\\\/uploads\\\/2021\\\/03\\\/valyoubel-scaled.jpg\",\"datePublished\":\"2021-01-21T16:12:20+00:00\",\"dateModified\":\"2021-09-08T12:04:23+00:00\",\"description\":\"Xitee nab\u00edz\u00ed IT slu\u017eby s vysokou kvalitou v oblasti V\u00fdvoje a Testov\u00e1n\u00ed Sofwaru \u2705 IT Konzultace \u2705 Cloudifikace \u2705 Ochrana Dat \u2705\",\"breadcrumb\":{\"@id\":\"https:\\\/\\\/xitee.com\\\/cs\\\/sluzby\\\/#breadcrumb\"},\"inLanguage\":\"cs\",\"potentialAction\":[{\"@type\":\"ReadAction\",\"target\":[\"https:\\\/\\\/xitee.com\\\/cs\\\/sluzby\\\/\"]}]},{\"@type\":\"ImageObject\",\"inLanguage\":\"cs\",\"@id\":\"https:\\\/\\\/xitee.com\\\/cs\\\/sluzby\\\/#primaryimage\",\"url\":\"https:\\\/\\\/xitee.com\\\/wp-content\\\/uploads\\\/2021\\\/03\\\/valyoubel-scaled.jpg\",\"contentUrl\":\"https:\\\/\\\/xitee.com\\\/wp-content\\\/uploads\\\/2021\\\/03\\\/valyoubel-scaled.jpg\",\"width\":2560,\"height\":1707},{\"@type\":\"BreadcrumbList\",\"@id\":\"https:\\\/\\\/xitee.com\\\/cs\\\/sluzby\\\/#breadcrumb\",\"itemListElement\":[{\"@type\":\"ListItem\",\"position\":1,\"name\":\"Dom\u016f\",\"item\":\"https:\\\/\\\/xitee.com\\\/cs\\\/\"},{\"@type\":\"ListItem\",\"position\":2,\"name\":\"Na\u0161e slu\u017eby\"}]},{\"@type\":\"WebSite\",\"@id\":\"https:\\\/\\\/xitee.com\\\/#website\",\"url\":\"https:\\\/\\\/xitee.com\\\/\",\"name\":\"xitee\",\"description\":\"Poskytovatel IT slu\u017eeb se s\u00eddlem v Praze. Na\u0161e odborn\u00e9 znalosti se soust\u0159ed\u00ed na sektory digit\u00e1ln\u00edho podnik\u00e1n\u00ed, financ\u00ed a energetiky a zdravotnictv\u00ed.\",\"publisher\":{\"@id\":\"https:\\\/\\\/xitee.com\\\/#organization\"},\"potentialAction\":[{\"@type\":\"SearchAction\",\"target\":{\"@type\":\"EntryPoint\",\"urlTemplate\":\"https:\\\/\\\/xitee.com\\\/?s={search_term_string}\"},\"query-input\":{\"@type\":\"PropertyValueSpecification\",\"valueRequired\":true,\"valueName\":\"search_term_string\"}}],\"inLanguage\":\"cs\"},{\"@type\":\"Organization\",\"@id\":\"https:\\\/\\\/xitee.com\\\/#organization\",\"name\":\"xitee\",\"url\":\"https:\\\/\\\/xitee.com\\\/\",\"logo\":{\"@type\":\"ImageObject\",\"inLanguage\":\"cs\",\"@id\":\"https:\\\/\\\/xitee.com\\\/#\\\/schema\\\/logo\\\/image\\\/\",\"url\":\"https:\\\/\\\/xitee.com\\\/wp-content\\\/uploads\\\/2021\\\/03\\\/logo-header.svg\",\"contentUrl\":\"https:\\\/\\\/xitee.com\\\/wp-content\\\/uploads\\\/2021\\\/03\\\/logo-header.svg\",\"width\":86,\"height\":30,\"caption\":\"xitee\"},\"image\":{\"@id\":\"https:\\\/\\\/xitee.com\\\/#\\\/schema\\\/logo\\\/image\\\/\"}}]}<\/script>\n<!-- \/ Yoast SEO plugin. -->","yoast_head_json":{"title":"Na\u0161e slu\u017eby - xitee","description":"Xitee nab\u00edz\u00ed IT slu\u017eby s vysokou kvalitou v oblasti V\u00fdvoje a Testov\u00e1n\u00ed Sofwaru \u2705 IT Konzultace \u2705 Cloudifikace \u2705 Ochrana Dat \u2705","robots":{"index":"index","follow":"follow","max-snippet":"max-snippet:-1","max-image-preview":"max-image-preview:large","max-video-preview":"max-video-preview:-1"},"canonical":"https:\/\/xitee.com\/cs\/sluzby\/","og_locale":"cs_CZ","og_type":"article","og_title":"Na\u0161e slu\u017eby - xitee","og_description":"Xitee nab\u00edz\u00ed IT slu\u017eby s vysokou kvalitou v oblasti V\u00fdvoje a Testov\u00e1n\u00ed Sofwaru \u2705 IT Konzultace \u2705 Cloudifikace \u2705 Ochrana Dat \u2705","og_url":"https:\/\/xitee.com\/cs\/sluzby\/","og_site_name":"xitee","article_modified_time":"2021-09-08T12:04:23+00:00","og_image":[{"width":2560,"height":1707,"url":"https:\/\/xitee.com\/wp-content\/uploads\/2021\/03\/valyoubel-scaled.jpg","type":"image\/jpeg"}],"twitter_card":"summary_large_image","schema":{"@context":"https:\/\/schema.org","@graph":[{"@type":"WebPage","@id":"https:\/\/xitee.com\/cs\/sluzby\/","url":"https:\/\/xitee.com\/cs\/sluzby\/","name":"Na\u0161e slu\u017eby - xitee","isPartOf":{"@id":"https:\/\/xitee.com\/#website"},"primaryImageOfPage":{"@id":"https:\/\/xitee.com\/cs\/sluzby\/#primaryimage"},"image":{"@id":"https:\/\/xitee.com\/cs\/sluzby\/#primaryimage"},"thumbnailUrl":"https:\/\/xitee.com\/wp-content\/uploads\/2021\/03\/valyoubel-scaled.jpg","datePublished":"2021-01-21T16:12:20+00:00","dateModified":"2021-09-08T12:04:23+00:00","description":"Xitee nab\u00edz\u00ed IT slu\u017eby s vysokou kvalitou v oblasti V\u00fdvoje a Testov\u00e1n\u00ed Sofwaru \u2705 IT Konzultace \u2705 Cloudifikace \u2705 Ochrana Dat \u2705","breadcrumb":{"@id":"https:\/\/xitee.com\/cs\/sluzby\/#breadcrumb"},"inLanguage":"cs","potentialAction":[{"@type":"ReadAction","target":["https:\/\/xitee.com\/cs\/sluzby\/"]}]},{"@type":"ImageObject","inLanguage":"cs","@id":"https:\/\/xitee.com\/cs\/sluzby\/#primaryimage","url":"https:\/\/xitee.com\/wp-content\/uploads\/2021\/03\/valyoubel-scaled.jpg","contentUrl":"https:\/\/xitee.com\/wp-content\/uploads\/2021\/03\/valyoubel-scaled.jpg","width":2560,"height":1707},{"@type":"BreadcrumbList","@id":"https:\/\/xitee.com\/cs\/sluzby\/#breadcrumb","itemListElement":[{"@type":"ListItem","position":1,"name":"Dom\u016f","item":"https:\/\/xitee.com\/cs\/"},{"@type":"ListItem","position":2,"name":"Na\u0161e slu\u017eby"}]},{"@type":"WebSite","@id":"https:\/\/xitee.com\/#website","url":"https:\/\/xitee.com\/","name":"xitee","description":"Poskytovatel IT slu\u017eeb se s\u00eddlem v Praze. Na\u0161e odborn\u00e9 znalosti se soust\u0159ed\u00ed na sektory digit\u00e1ln\u00edho podnik\u00e1n\u00ed, financ\u00ed a energetiky a zdravotnictv\u00ed.","publisher":{"@id":"https:\/\/xitee.com\/#organization"},"potentialAction":[{"@type":"SearchAction","target":{"@type":"EntryPoint","urlTemplate":"https:\/\/xitee.com\/?s={search_term_string}"},"query-input":{"@type":"PropertyValueSpecification","valueRequired":true,"valueName":"search_term_string"}}],"inLanguage":"cs"},{"@type":"Organization","@id":"https:\/\/xitee.com\/#organization","name":"xitee","url":"https:\/\/xitee.com\/","logo":{"@type":"ImageObject","inLanguage":"cs","@id":"https:\/\/xitee.com\/#\/schema\/logo\/image\/","url":"https:\/\/xitee.com\/wp-content\/uploads\/2021\/03\/logo-header.svg","contentUrl":"https:\/\/xitee.com\/wp-content\/uploads\/2021\/03\/logo-header.svg","width":86,"height":30,"caption":"xitee"},"image":{"@id":"https:\/\/xitee.com\/#\/schema\/logo\/image\/"}}]}},"_links":{"self":[{"href":"https:\/\/xitee.com\/cs\/wp-json\/wp\/v2\/pages\/2548","targetHints":{"allow":["GET"]}}],"collection":[{"href":"https:\/\/xitee.com\/cs\/wp-json\/wp\/v2\/pages"}],"about":[{"href":"https:\/\/xitee.com\/cs\/wp-json\/wp\/v2\/types\/page"}],"author":[{"embeddable":true,"href":"https:\/\/xitee.com\/cs\/wp-json\/wp\/v2\/users\/2"}],"replies":[{"embeddable":true,"href":"https:\/\/xitee.com\/cs\/wp-json\/wp\/v2\/comments?post=2548"}],"version-history":[{"count":1,"href":"https:\/\/xitee.com\/cs\/wp-json\/wp\/v2\/pages\/2548\/revisions"}],"predecessor-version":[{"id":2992,"href":"https:\/\/xitee.com\/cs\/wp-json\/wp\/v2\/pages\/2548\/revisions\/2992"}],"wp:featuredmedia":[{"embeddable":true,"href":"https:\/\/xitee.com\/cs\/wp-json\/wp\/v2\/media\/4312"}],"wp:attachment":[{"href":"https:\/\/xitee.com\/cs\/wp-json\/wp\/v2\/media?parent=2548"}],"curies":[{"name":"wp","href":"https:\/\/api.w.org\/{rel}","templated":true}]}}