{"id":2550,"date":"2021-01-19T13:52:40","date_gmt":"2021-01-19T12:52:40","guid":{"rendered":"https:\/\/new.xitee.com\/terms-and-conditions\/"},"modified":"2021-03-25T12:50:46","modified_gmt":"2021-03-25T11:50:46","slug":"podminky-uzivani","status":"publish","type":"page","link":"https:\/\/xitee.com\/cs\/podminky-uzivani\/","title":{"rendered":"Podm\u00ednky u\u017e\u00edv\u00e1n\u00ed internetov\u00fdch str\u00e1nek spole\u010dnosti"},"content":{"rendered":"\n<h2 class=\"wp-block-heading\"><strong>I. \u00davodn\u00ed ustanoven\u00ed<\/strong><\/h2>\n\n\n\n<ol class=\"wp-block-list\"><li>Spole\u010dnost xITee k.s., I\u010cO: 27224830, se s\u00eddlem Rybn\u00e1 682\/14, Praha 1, 110 00, zapsan\u00e1 v obchodn\u00edm rejst\u0159\u00edku veden\u00e9m M\u011bstsk\u00fdm soudem v&nbsp;Praze 1, odd\u00edl A, vlo\u017eka 62990 (d\u00e1le jen \u201e<strong>xITee<\/strong>\u201c) vyd\u00e1v\u00e1 tyto podm\u00ednky u\u017e\u00edv\u00e1n\u00ed internetov\u00fdch str\u00e1nek xITee ve vztahu ke koncov\u00fdm u\u017eivatel\u016fm \u2013 fyzick\u00fdm osob\u00e1m (d\u00e1le jen \u201c<strong>Podm\u00ednky<\/strong>\u201d). P\u0159ed u\u017eit\u00edm webov\u00fdch str\u00e1nek www.xitee.com je pot\u0159eba se nejprve sezn\u00e1mit s t\u011bmito Podm\u00ednkami.<\/li><li>Tyto Podm\u00ednky upravuj\u00ed n\u011bkter\u00e9 vztahy, do nich\u017e xITee vstupuje s fyzick\u00fdmi osobami (d\u00e1le jen \u201e<strong>U\u017eivatel\u00e9<\/strong>\u201c) v souvislosti s jejich u\u017e\u00edv\u00e1n\u00edm internetov\u00fdch str\u00e1nek xITee, nejsou-li upraveny zvl\u00e1\u0161tn\u00edmi podm\u00ednkami pro u\u017e\u00edv\u00e1n\u00ed elektronick\u00fdch syst\u00e9m\u016f, a to pro:<\/li><\/ol>\n\n\n\n<ul class=\"wp-block-list\"><li><a href=\"http:\/\/www.jobs.cz\/podminky-uziti\/\">Jobs.cz<\/a><\/li><li><a href=\"http:\/\/www.prace.cz\/podminky-uziti\/\">Prace.cz<\/a><\/li><li><a href=\"https:\/\/www.linkedin.com\/legal\/privacy-policy\">LinkedIn.com<\/a><\/li><\/ul>\n\n\n\n<ol class=\"wp-block-list\" start=\"3\"><li>Tyto Podm\u00ednky se vztahuj\u00ed na U\u017eivatele, kte\u0159\u00ed proch\u00e1zej\u00ed, \u010dtou \u010di zapisuj\u00ed sv\u00e9 \u00fadaje na internetov\u00fdch str\u00e1nk\u00e1ch (\u201eStr\u00e1nky\u201c) xITee anebo prost\u0159ednictv\u00edm str\u00e1nek t\u0159et\u00edch stran poskytuj\u00ed sv\u00e9 \u00fadaje xITee a kte\u0159\u00ed v&nbsp;t\u00e9 souvislosti mohli xITee tak\u00e9 poskytnout sv\u016fj souhlas se zpracov\u00e1n\u00edm osobn\u00edch \u00fadaj\u016f.<\/li><\/ol>\n\n\n\n<h2 class=\"wp-block-heading\"><strong>II. <strong>U\u017e\u00edv\u00e1n\u00ed cookies<\/strong><\/strong><\/h2>\n\n\n\n<ol class=\"wp-block-list\"><li>Cookie je mal\u00fd soubor, kter\u00fd webov\u00e1 str\u00e1nka ukl\u00e1d\u00e1 do po\u010d\u00edta\u010de, tabletu nebo smartphonu U\u017eivatele a d\u00edky kter\u00e9mu si str\u00e1nky dlouhodob\u011b \u201epamatuj\u00ed\u201c va\u0161e kroky \u010di preference. Slou\u017e\u00ed k rozli\u0161ov\u00e1n\u00ed jednotliv\u00fdch U\u017eivatel\u016f p\u0159istupuj\u00edc\u00edch ke Str\u00e1nk\u00e1m xITee, nikoli v\u0161ak k z\u00edsk\u00e1v\u00e1n\u00ed osobn\u00edch \u00fadaj\u016f o U\u017eivatel\u00edch (z\u00edskan\u00e9 informace mohou nap\u0159\u00edklad zahrnovat adresu IP p\u0159ipojuj\u00edc\u00edho se po\u010d\u00edta\u010de nebo typ pou\u017eit\u00e9ho prohl\u00ed\u017ee\u010de).<\/li><li>V r\u00e1mci Str\u00e1nek pou\u017e\u00edv\u00e1 xITee cookies za t\u011bmito \u00fa\u010dely:<\/li><\/ol>\n\n\n\n<ul class=\"wp-block-list\"><li>udr\u017een\u00ed U\u017eivatelsk\u00e9 relace; tyto cookies jsou nezbytn\u00e9 k tomu, aby xITee byla p\u0159i zobrazov\u00e1n\u00ed webov\u00fdch str\u00e1nek schopna rozli\u0161it jednotliv\u00e9 U\u017eivatele a zobrazit tak relevantn\u00ed \u00fadaje pouze pro U\u017eivatele;<\/li><li>z\u00e1kladn\u00ed nastaven\u00ed Str\u00e1nek i pro nep\u0159ihl\u00e1\u0161en\u00e9 U\u017eivatele, ovliv\u0148uj\u00edc\u00ed zobrazov\u00e1n\u00ed webov\u00fdch str\u00e1nek dle volby U\u017eivatele (kdy\u017e nap\u0159. U\u017eivatel zak\u00e1\u017ee zobrazov\u00e1n\u00ed ur\u010dit\u00e9ho grafick\u00e9ho prvku, tyto cookies umo\u017e\u0148uj\u00ed respektov\u00e1n\u00ed takov\u00e9 volby U\u017eivatele) anebo zohled\u0148uj\u00edc\u00ed \u010detnost \u010di po\u0159ad\u00ed prohl\u00ed\u017een\u00ed str\u00e1nek (nap\u0159. p\u0159i prvn\u00ed n\u00e1v\u0161t\u011bv\u011b mohou b\u00fdt zobrazeny informace, kter\u00e9 se ji\u017e p\u0159i p\u0159\u00ed\u0161t\u00edch n\u00e1v\u0161t\u011bv\u00e1ch nezobrazuj\u00ed).<\/li><\/ul>\n\n\n\n<ol class=\"wp-block-list\" start=\"3\"><li>Str\u00e1nky mohou obsahovat takt\u00e9\u017e cookies t\u0159et\u00edch stran, kter\u00e9 spole\u010dnosti xITee slou\u017e\u00ed k z\u00edsk\u00e1v\u00e1n\u00ed anonymn\u00edch statistik o n\u00e1v\u0161t\u011bvnosti a typick\u00e9m chov\u00e1n\u00ed U\u017eivatel\u016f na jednotliv\u00fdch str\u00e1nk\u00e1ch. Tyto t\u0159et\u00ed strany zpravidla neukl\u00e1daj\u00ed v souvislosti s pou\u017e\u00edv\u00e1n\u00edm cookies \u017e\u00e1dn\u00e9 osobn\u00ed \u00fadaje, nebo\u0165 jim identita U\u017eivatele nen\u00ed zn\u00e1ma (za p\u0159edpokladu, \u017ee U\u017eivatel nen\u00ed sou\u010dasn\u011b registrovan\u00fdm U\u017eivatelem produkt\u016f takov\u00e9 t\u0159et\u00ed strany, nap\u0159. Google). Jedn\u00e1 se o n\u00e1sleduj\u00edc\u00ed cookies:<\/li><\/ol>\n\n\n\n<ul class=\"wp-block-list\"><li>Google Analytics \u2013 xITee pou\u017e\u00edv\u00e1 tuto slu\u017ebu za \u00fa\u010delem z\u00edsk\u00e1n\u00ed statistick\u00fdch informac\u00ed, p\u0159i\u010dem\u017e spole\u010dnost Google si z\u00edskan\u00e9 \u00fadaje m\u016f\u017ee ponechat t\u00e9\u017e pro vlastn\u00ed pot\u0159ebu v souladu se Z\u00e1sadami ochrany soukrom\u00ed dostupn\u00fdmi na&nbsp;<a href=\"http:\/\/www.google.com\/intl\/cs\/policies\/privacy\">http:\/\/www.google.com\/intl\/cs\/policies\/privacy<\/a>;<\/li><\/ul>\n\n\n\n<ol class=\"wp-block-list\" start=\"4\"><li>U\u017eivatel m\u016f\u017ee povolit, blokovat nebo mazat cookies ulo\u017een\u00e9 ve sv\u00e9m po\u010d\u00edta\u010di pomoc\u00ed konfigurace sv\u00e9ho prohl\u00ed\u017ee\u010de, takov\u00e1 volba v\u0161ak bude m\u00edt vliv na spr\u00e1vn\u00e9 zobrazov\u00e1n\u00ed str\u00e1nek, zejm\u00e9na pokud jde o \u00fa\u010dely uveden\u00e9 v bod\u011b 2.2. V\u00edce k jednotliv\u00fdm nejv\u00edce pou\u017e\u00edvan\u00fdm prohl\u00ed\u017ee\u010d\u016fm:<\/li><\/ol>\n\n\n\n<ul class=\"wp-block-list\"><li><a href=\"https:\/\/support.mozilla.org\/fr\/kb\/empecher-sites-enregistrer-preferences\">Firefox<\/a><\/li><li><a href=\"https:\/\/support.google.com\/accounts\/answer\/61416?hl=en\">Chrome<\/a><\/li><li><a href=\"http:\/\/windows.microsoft.com\/en-us\/windows-vista\/block-or-allow-cookies\">Internet Explorer<\/a><\/li><li><a href=\"http:\/\/help.opera.com\/Windows\/9.20\/en\/cookies.html\">Opera<\/a><\/li><li><a href=\"https:\/\/support.apple.com\/kb\/PH17191?locale=en_US&amp;viewlocale=en_US\">Safari<\/a><\/li><li><a href=\"https:\/\/privacy.microsoft.com\/en-us\/windows-10-microsoft-edge-and-privacy\">Edge<\/a><\/li><\/ul>\n\n\n\n<ol class=\"wp-block-list\" start=\"5\"><li>U\u017eivatel\u00e9 maj\u00ed mo\u017enost vylou\u010dit zpracov\u00e1n\u00ed cookies prost\u0159ednictv\u00edm Visual Website Optimizer na konkr\u00e9tn\u00edch webov\u00fdch str\u00e1nk\u00e1ch zde:&nbsp;<a href=\"http:\/\/visualwebsiteoptimizer.com\/opt-out.php\">http:\/\/visualwebsiteoptimizer.com\/opt-out.php<\/a>.<\/li><\/ol>\n\n\n\n<h3 class=\"wp-block-heading\"><strong>III. <strong>Zpracov\u00e1n\u00ed osobn\u00edch \u00fadaj\u016f, dal\u0161\u00ed vyu\u017eit\u00ed \u00fadaj\u016f z\u00edskan\u00fdch prost\u0159ednictv\u00edm Str\u00e1nek<\/strong><\/strong><\/h3>\n\n\n\n<ol class=\"wp-block-list\"><li>xITee prohla\u0161uje, \u017ee z pozice spr\u00e1vce osobn\u00edch \u00fadaj\u016f tyto zpracov\u00e1v\u00e1 v souladu se z\u00e1konem \u010d. 110\/2019 Sb. o zpracov\u00e1n\u00ed osobn\u00edch \u00fadaj\u016f a zm\u011bn\u011b n\u011bkter\u00fdch z\u00e1kon\u016f, ve zn\u011bn\u00ed pozd\u011bj\u0161\u00edch p\u0159edpis\u016f a v souladu s Na\u0159\u00edzen\u00edm Evropsk\u00e9ho parlamentu a Rady (EU) 2016\/679. xITee byla registrov\u00e1na u \u00da\u0159adu pro ochranu osobn\u00edch \u00fadaj\u016f dne 12. 1. 2016 pod \u010d\u00edslem registrace: 00063163. V p\u0159\u00edpad\u011b n\u011bkter\u00fdch slu\u017eeb m\u016f\u017ee xITee figurovat v pozici zpracovatele osobn\u00edch \u00fadaj\u016f.<\/li><li>xITee si (v souladu s poskytnut\u00fdm souhlasem se zpracov\u00e1n\u00edm osobn\u00edch \u00fadaj\u016f) vyhrazuje pr\u00e1vo nab\u00eddnout slu\u017eby a produkty t\u0159et\u00edch stran na z\u00e1klad\u011b informac\u00ed, kter\u00e9 U\u017eivatel poskytl xITee, a to v\u010detn\u011b \u00fadaj\u016f, kter\u00e9 xITee m\u016f\u017ee z\u00edskat d\u00edky vyu\u017e\u00edv\u00e1n\u00ed cookies. Informace o U\u017eivatel\u00edch nebudou ze strany xITee poskytnuty t\u0159et\u00edm osob\u00e1m; xITee v\u0161ak m\u016f\u017ee pro zpracov\u00e1n\u00ed osobn\u00edch \u00fadaj\u016f vyu\u017e\u00edvat zpracovatele&nbsp;(nap\u0159. za \u00fa\u010delem technick\u00e9ho zaji\u0161t\u011bn\u00ed rozes\u00edl\u00e1n\u00ed e-mailov\u00e9 komunikace, digitalizace dokument\u016f \u010di prov\u00e1d\u011bn\u00ed statistick\u00fdch anal\u00fdz); informace o aktu\u00e1ln\u00edch zpracovatel\u00edch lze z\u00edskat na kontaktech uveden\u00fdch n\u00ed\u017ee v&nbsp;\u010d\u00e1sti IV. Koresponden\u010dn\u00ed \u00fadaje.<\/li><li>Pr\u00e1va U\u017eivatele: pokud zjist\u00ed nebo se domn\u00edv\u00e1, \u017ee xITee prov\u00e1d\u00ed zpracov\u00e1n\u00ed osobn\u00edch \u00fadaj\u016f U\u017eivatele, kter\u00e9 je v rozporu s ochranou jeho soukrom\u00e9ho a osobn\u00edho \u017eivota nebo v rozporu se z\u00e1konem, zejm\u00e9na jsou-li osobn\u00ed \u00fadaje nep\u0159esn\u00e9 s ohledem na \u00fa\u010del jejich zpracov\u00e1n\u00ed, m\u016f\u017ee U\u017eivatel po\u017e\u00e1dat xITee o vysv\u011btlen\u00ed, nebo po\u017eadovat, aby xITee odstranila takto vznikl\u00fd stav. Zejm\u00e9na se m\u016f\u017ee jednat o blokov\u00e1n\u00ed, proveden\u00ed opravy, dopln\u011bn\u00ed nebo likvidaci osobn\u00edch \u00fadaj\u016f. Sv\u016fj souhlas se zpracov\u00e1n\u00edm osobn\u00edch \u00fadaj\u016f m\u016f\u017ee U\u017eivatel kdykoliv odvolat na kontaktech uveden\u00fdch n\u00ed\u017ee v&nbsp;\u010d\u00e1sti IV. Koresponden\u010dn\u00ed \u00fadaje.<\/li><\/ol>\n\n\n\n<h3 class=\"wp-block-heading\"><strong>IV. <strong>Koresponden\u010dn\u00ed \u00fadaje<\/strong><\/strong><\/h3>\n\n\n\n<ol class=\"wp-block-list\"><li>Koresponden\u010dn\u00ed \u00fadaje xITee jsou n\u00e1sleduj\u00edc\u00ed:<br>xITee k.s.<br>Rybn\u00e1 682\/14<br>110 00 Praha 1<\/li><li>Pro kontaktov\u00e1n\u00ed xITee elektronickou cestou klikn\u011bte pros\u00edm na <a href=\"https:\/\/new.xitee.com\/cs\/kontakt\/\">kontaktn\u00ed formul\u00e1\u0159<\/a>,<br>nebo prost\u0159ednictv\u00edm emailov\u00e9 adresy:\u00a0<a href=\"mailto:info@xitee.com\">info@xitee.com<\/a>.<\/li><\/ol>\n\n\n\n<h3 class=\"wp-block-heading\"><strong>V. <strong>Z\u00e1v\u011bre\u010dn\u00e1 ustanoven\u00ed<\/strong><\/strong><\/h3>\n\n\n\n<ol class=\"wp-block-list\"><li>xITee je opr\u00e1vn\u011bna tyto Podm\u00ednky kdykoliv jednostrann\u011b m\u011bnit nebo dopl\u0148ovat. V p\u0159\u00edpad\u011b zm\u011bny Podm\u00ednek, xITee novou verzi zve\u0159ejn\u00ed na sv\u00fdch internetov\u00fdch str\u00e1nk\u00e1ch.<\/li><li>Podm\u00ednky v tomto zn\u011bn\u00ed jsou platn\u00e9 a \u00fa\u010dinn\u00e9 od 25. 5. 2018<\/li><\/ol>\n\n\n\n<p>Podm\u00ednky u\u017e\u00edv\u00e1n\u00ed internetov\u00fdch str\u00e1nek spole\u010dnosti xITee k.s.<br>Tyto podm\u00ednky nab\u00fdvaj\u00ed \u00fa\u010dinnosti dnem: 25.5.2018<br>verze: 1.1<\/p>\n\n\n\n<div style=\"height:100px\" aria-hidden=\"true\" class=\"wp-block-spacer\"><\/div>\n\n\n\n<p><\/p>\n","protected":false},"excerpt":{"rendered":"<p>I. \u00davodn\u00ed ustanoven\u00ed Spole\u010dnost xITee k.s., I\u010cO: 27224830, se s\u00eddlem Rybn\u00e1 682\/14, Praha 1, 110 00, zapsan\u00e1 v obchodn\u00edm rejst\u0159\u00edku veden\u00e9m M\u011bstsk\u00fdm soudem v&nbsp;Praze 1, odd\u00edl A, vlo\u017eka 62990 (d\u00e1le jen \u201exITee\u201c) vyd\u00e1v\u00e1 tyto podm\u00ednky u\u017e\u00edv\u00e1n\u00ed internetov\u00fdch str\u00e1nek xITee ve vztahu ke koncov\u00fdm u\u017eivatel\u016fm \u2013 fyzick\u00fdm osob\u00e1m (d\u00e1le jen \u201cPodm\u00ednky\u201d). P\u0159ed u\u017eit\u00edm webov\u00fdch str\u00e1nek www.xitee.com [&hellip;]<\/p>\n","protected":false},"author":6,"featured_media":0,"parent":0,"menu_order":0,"comment_status":"closed","ping_status":"closed","template":"","meta":{"_acf_changed":false,"inline_featured_image":false,"footnotes":""},"class_list":["post-2550","page","type-page","status-publish","hentry"],"acf":[],"yoast_head":"<!-- This site is optimized with the Yoast SEO plugin v27.4 - https:\/\/yoast.com\/product\/yoast-seo-wordpress\/ -->\n<title>Podm\u00ednky u\u017e\u00edv\u00e1n\u00ed internetov\u00fdch str\u00e1nek spole\u010dnosti - xitee<\/title>\n<meta name=\"robots\" content=\"index, follow, max-snippet:-1, max-image-preview:large, max-video-preview:-1\" \/>\n<link rel=\"canonical\" href=\"https:\/\/xitee.com\/cs\/podminky-uzivani\/\" \/>\n<meta property=\"og:locale\" content=\"cs_CZ\" \/>\n<meta property=\"og:type\" content=\"article\" \/>\n<meta property=\"og:title\" content=\"Podm\u00ednky u\u017e\u00edv\u00e1n\u00ed internetov\u00fdch str\u00e1nek spole\u010dnosti - xitee\" \/>\n<meta property=\"og:description\" content=\"I. \u00davodn\u00ed ustanoven\u00ed Spole\u010dnost xITee k.s., I\u010cO: 27224830, se s\u00eddlem Rybn\u00e1 682\/14, Praha 1, 110 00, zapsan\u00e1 v obchodn\u00edm rejst\u0159\u00edku veden\u00e9m M\u011bstsk\u00fdm soudem v&nbsp;Praze 1, odd\u00edl A, vlo\u017eka 62990 (d\u00e1le jen \u201exITee\u201c) vyd\u00e1v\u00e1 tyto podm\u00ednky u\u017e\u00edv\u00e1n\u00ed internetov\u00fdch str\u00e1nek xITee ve vztahu ke koncov\u00fdm u\u017eivatel\u016fm \u2013 fyzick\u00fdm osob\u00e1m (d\u00e1le jen \u201cPodm\u00ednky\u201d). P\u0159ed u\u017eit\u00edm webov\u00fdch str\u00e1nek www.xitee.com [&hellip;]\" \/>\n<meta property=\"og:url\" content=\"https:\/\/xitee.com\/cs\/podminky-uzivani\/\" \/>\n<meta property=\"og:site_name\" content=\"xitee\" \/>\n<meta property=\"article:modified_time\" content=\"2021-03-25T11:50:46+00:00\" \/>\n<meta name=\"twitter:card\" content=\"summary_large_image\" \/>\n<meta name=\"twitter:label1\" content=\"Odhadovan\u00e1 doba \u010dten\u00ed\" \/>\n\t<meta name=\"twitter:data1\" content=\"4 minuty\" \/>\n<script type=\"application\/ld+json\" class=\"yoast-schema-graph\">{\"@context\":\"https:\\\/\\\/schema.org\",\"@graph\":[{\"@type\":\"WebPage\",\"@id\":\"https:\\\/\\\/xitee.com\\\/cs\\\/podminky-uzivani\\\/\",\"url\":\"https:\\\/\\\/xitee.com\\\/cs\\\/podminky-uzivani\\\/\",\"name\":\"Podm\u00ednky u\u017e\u00edv\u00e1n\u00ed internetov\u00fdch str\u00e1nek spole\u010dnosti - xitee\",\"isPartOf\":{\"@id\":\"https:\\\/\\\/xitee.com\\\/#website\"},\"datePublished\":\"2021-01-19T12:52:40+00:00\",\"dateModified\":\"2021-03-25T11:50:46+00:00\",\"breadcrumb\":{\"@id\":\"https:\\\/\\\/xitee.com\\\/cs\\\/podminky-uzivani\\\/#breadcrumb\"},\"inLanguage\":\"cs\",\"potentialAction\":[{\"@type\":\"ReadAction\",\"target\":[\"https:\\\/\\\/xitee.com\\\/cs\\\/podminky-uzivani\\\/\"]}]},{\"@type\":\"BreadcrumbList\",\"@id\":\"https:\\\/\\\/xitee.com\\\/cs\\\/podminky-uzivani\\\/#breadcrumb\",\"itemListElement\":[{\"@type\":\"ListItem\",\"position\":1,\"name\":\"Dom\u016f\",\"item\":\"https:\\\/\\\/xitee.com\\\/cs\\\/\"},{\"@type\":\"ListItem\",\"position\":2,\"name\":\"Podm\u00ednky u\u017e\u00edv\u00e1n\u00ed internetov\u00fdch str\u00e1nek spole\u010dnosti\"}]},{\"@type\":\"WebSite\",\"@id\":\"https:\\\/\\\/xitee.com\\\/#website\",\"url\":\"https:\\\/\\\/xitee.com\\\/\",\"name\":\"xitee\",\"description\":\"Poskytovatel IT slu\u017eeb se s\u00eddlem v Praze. Na\u0161e odborn\u00e9 znalosti se soust\u0159ed\u00ed na sektory digit\u00e1ln\u00edho podnik\u00e1n\u00ed, financ\u00ed a energetiky a zdravotnictv\u00ed.\",\"publisher\":{\"@id\":\"https:\\\/\\\/xitee.com\\\/#organization\"},\"potentialAction\":[{\"@type\":\"SearchAction\",\"target\":{\"@type\":\"EntryPoint\",\"urlTemplate\":\"https:\\\/\\\/xitee.com\\\/?s={search_term_string}\"},\"query-input\":{\"@type\":\"PropertyValueSpecification\",\"valueRequired\":true,\"valueName\":\"search_term_string\"}}],\"inLanguage\":\"cs\"},{\"@type\":\"Organization\",\"@id\":\"https:\\\/\\\/xitee.com\\\/#organization\",\"name\":\"xitee\",\"url\":\"https:\\\/\\\/xitee.com\\\/\",\"logo\":{\"@type\":\"ImageObject\",\"inLanguage\":\"cs\",\"@id\":\"https:\\\/\\\/xitee.com\\\/#\\\/schema\\\/logo\\\/image\\\/\",\"url\":\"https:\\\/\\\/xitee.com\\\/wp-content\\\/uploads\\\/2021\\\/03\\\/logo-header.svg\",\"contentUrl\":\"https:\\\/\\\/xitee.com\\\/wp-content\\\/uploads\\\/2021\\\/03\\\/logo-header.svg\",\"width\":86,\"height\":30,\"caption\":\"xitee\"},\"image\":{\"@id\":\"https:\\\/\\\/xitee.com\\\/#\\\/schema\\\/logo\\\/image\\\/\"}}]}<\/script>\n<!-- \/ Yoast SEO plugin. -->","yoast_head_json":{"title":"Podm\u00ednky u\u017e\u00edv\u00e1n\u00ed internetov\u00fdch str\u00e1nek spole\u010dnosti - xitee","robots":{"index":"index","follow":"follow","max-snippet":"max-snippet:-1","max-image-preview":"max-image-preview:large","max-video-preview":"max-video-preview:-1"},"canonical":"https:\/\/xitee.com\/cs\/podminky-uzivani\/","og_locale":"cs_CZ","og_type":"article","og_title":"Podm\u00ednky u\u017e\u00edv\u00e1n\u00ed internetov\u00fdch str\u00e1nek spole\u010dnosti - xitee","og_description":"I. \u00davodn\u00ed ustanoven\u00ed Spole\u010dnost xITee k.s., I\u010cO: 27224830, se s\u00eddlem Rybn\u00e1 682\/14, Praha 1, 110 00, zapsan\u00e1 v obchodn\u00edm rejst\u0159\u00edku veden\u00e9m M\u011bstsk\u00fdm soudem v&nbsp;Praze 1, odd\u00edl A, vlo\u017eka 62990 (d\u00e1le jen \u201exITee\u201c) vyd\u00e1v\u00e1 tyto podm\u00ednky u\u017e\u00edv\u00e1n\u00ed internetov\u00fdch str\u00e1nek xITee ve vztahu ke koncov\u00fdm u\u017eivatel\u016fm \u2013 fyzick\u00fdm osob\u00e1m (d\u00e1le jen \u201cPodm\u00ednky\u201d). P\u0159ed u\u017eit\u00edm webov\u00fdch str\u00e1nek www.xitee.com [&hellip;]","og_url":"https:\/\/xitee.com\/cs\/podminky-uzivani\/","og_site_name":"xitee","article_modified_time":"2021-03-25T11:50:46+00:00","twitter_card":"summary_large_image","twitter_misc":{"Odhadovan\u00e1 doba \u010dten\u00ed":"4 minuty"},"schema":{"@context":"https:\/\/schema.org","@graph":[{"@type":"WebPage","@id":"https:\/\/xitee.com\/cs\/podminky-uzivani\/","url":"https:\/\/xitee.com\/cs\/podminky-uzivani\/","name":"Podm\u00ednky u\u017e\u00edv\u00e1n\u00ed internetov\u00fdch str\u00e1nek spole\u010dnosti - xitee","isPartOf":{"@id":"https:\/\/xitee.com\/#website"},"datePublished":"2021-01-19T12:52:40+00:00","dateModified":"2021-03-25T11:50:46+00:00","breadcrumb":{"@id":"https:\/\/xitee.com\/cs\/podminky-uzivani\/#breadcrumb"},"inLanguage":"cs","potentialAction":[{"@type":"ReadAction","target":["https:\/\/xitee.com\/cs\/podminky-uzivani\/"]}]},{"@type":"BreadcrumbList","@id":"https:\/\/xitee.com\/cs\/podminky-uzivani\/#breadcrumb","itemListElement":[{"@type":"ListItem","position":1,"name":"Dom\u016f","item":"https:\/\/xitee.com\/cs\/"},{"@type":"ListItem","position":2,"name":"Podm\u00ednky u\u017e\u00edv\u00e1n\u00ed internetov\u00fdch str\u00e1nek spole\u010dnosti"}]},{"@type":"WebSite","@id":"https:\/\/xitee.com\/#website","url":"https:\/\/xitee.com\/","name":"xitee","description":"Poskytovatel IT slu\u017eeb se s\u00eddlem v Praze. Na\u0161e odborn\u00e9 znalosti se soust\u0159ed\u00ed na sektory digit\u00e1ln\u00edho podnik\u00e1n\u00ed, financ\u00ed a energetiky a zdravotnictv\u00ed.","publisher":{"@id":"https:\/\/xitee.com\/#organization"},"potentialAction":[{"@type":"SearchAction","target":{"@type":"EntryPoint","urlTemplate":"https:\/\/xitee.com\/?s={search_term_string}"},"query-input":{"@type":"PropertyValueSpecification","valueRequired":true,"valueName":"search_term_string"}}],"inLanguage":"cs"},{"@type":"Organization","@id":"https:\/\/xitee.com\/#organization","name":"xitee","url":"https:\/\/xitee.com\/","logo":{"@type":"ImageObject","inLanguage":"cs","@id":"https:\/\/xitee.com\/#\/schema\/logo\/image\/","url":"https:\/\/xitee.com\/wp-content\/uploads\/2021\/03\/logo-header.svg","contentUrl":"https:\/\/xitee.com\/wp-content\/uploads\/2021\/03\/logo-header.svg","width":86,"height":30,"caption":"xitee"},"image":{"@id":"https:\/\/xitee.com\/#\/schema\/logo\/image\/"}}]}},"_links":{"self":[{"href":"https:\/\/xitee.com\/cs\/wp-json\/wp\/v2\/pages\/2550","targetHints":{"allow":["GET"]}}],"collection":[{"href":"https:\/\/xitee.com\/cs\/wp-json\/wp\/v2\/pages"}],"about":[{"href":"https:\/\/xitee.com\/cs\/wp-json\/wp\/v2\/types\/page"}],"author":[{"embeddable":true,"href":"https:\/\/xitee.com\/cs\/wp-json\/wp\/v2\/users\/6"}],"replies":[{"embeddable":true,"href":"https:\/\/xitee.com\/cs\/wp-json\/wp\/v2\/comments?post=2550"}],"version-history":[{"count":5,"href":"https:\/\/xitee.com\/cs\/wp-json\/wp\/v2\/pages\/2550\/revisions"}],"predecessor-version":[{"id":3094,"href":"https:\/\/xitee.com\/cs\/wp-json\/wp\/v2\/pages\/2550\/revisions\/3094"}],"wp:attachment":[{"href":"https:\/\/xitee.com\/cs\/wp-json\/wp\/v2\/media?parent=2550"}],"curies":[{"name":"wp","href":"https:\/\/api.w.org\/{rel}","templated":true}]}}