{"id":4096,"date":"2021-08-03T17:58:54","date_gmt":"2021-08-03T15:58:54","guid":{"rendered":"https:\/\/new.xitee.com\/?page_id=4096"},"modified":"2021-08-19T10:51:11","modified_gmt":"2021-08-19T08:51:11","slug":"syncpilot","status":"publish","type":"page","link":"https:\/\/xitee.com\/cs\/syncpilot\/","title":{"rendered":"Partnerstv\u00ed zvy\u0161uj\u00edc\u00ed uzav\u0159en\u00ed smlouvy"},"content":{"rendered":"\n<p>Uzav\u00edr\u00e1n\u00ed smluv snadn\u00fdm a rychl\u00fdm zp\u016fsobem na jak\u00e9mkoli koncov\u00e9m za\u0159\u00edzen\u00ed bez p\u0159edchoz\u00ed registrace\/autentizace\/stahov\u00e1n\u00ed aplikace a pln\u011b v souladu s na\u0159\u00edzen\u00edm EU eIDAS (elektronick\u00e1 identifikace, autentizace a slu\u017eby vytv\u00e1\u0159ej\u00edc\u00ed d\u016fv\u011bru) &#8211; to v\u00e1m p\u0159in\u00e1\u0161\u00ed partnerstv\u00ed spole\u010dnost\u00ed xITee a Syncpilot. Nab\u00edz\u00edme va\u0161\u00ed spole\u010dnosti podporu p\u0159i zlep\u0161ov\u00e1n\u00ed procesu uzav\u00edr\u00e1n\u00ed digit\u00e1ln\u00edch smluv. Umo\u017e\u0148ujeme uzav\u00edrat obchody bez jak\u00e9hokoliv p\u0159eru\u0161n\u00ed m\u00e9dii\u00ed pomoc\u00ed autorizovan\u00e9ho elektronick\u00e9ho podpisu. We make our client\u2019s life easier.<\/p>\n","protected":false},"excerpt":{"rendered":"<p>Uzav\u00edr\u00e1n\u00ed smluv snadn\u00fdm a rychl\u00fdm zp\u016fsobem na jak\u00e9mkoli koncov\u00e9m za\u0159\u00edzen\u00ed bez p\u0159edchoz\u00ed registrace\/autentizace\/stahov\u00e1n\u00ed aplikace a pln\u011b v souladu s na\u0159\u00edzen\u00edm EU eIDAS (elektronick\u00e1 identifikace, autentizace a slu\u017eby vytv\u00e1\u0159ej\u00edc\u00ed d\u016fv\u011bru) &#8211; to v\u00e1m p\u0159in\u00e1\u0161\u00ed partnerstv\u00ed spole\u010dnost\u00ed xITee a Syncpilot. Nab\u00edz\u00edme va\u0161\u00ed spole\u010dnosti podporu p\u0159i zlep\u0161ov\u00e1n\u00ed procesu uzav\u00edr\u00e1n\u00ed digit\u00e1ln\u00edch smluv. Umo\u017e\u0148ujeme uzav\u00edrat obchody bez jak\u00e9hokoliv p\u0159eru\u0161n\u00ed m\u00e9dii\u00ed [&hellip;]<\/p>\n","protected":false},"author":6,"featured_media":0,"parent":0,"menu_order":0,"comment_status":"closed","ping_status":"closed","template":"rn_landing.php","meta":{"_acf_changed":false,"inline_featured_image":false,"footnotes":""},"class_list":["post-4096","page","type-page","status-publish","hentry"],"acf":[],"yoast_head":"<!-- This site is optimized with the Yoast SEO plugin v27.5 - https:\/\/yoast.com\/product\/yoast-seo-wordpress\/ -->\n<title>Partnerstv\u00ed zvy\u0161uj\u00edc\u00ed uzav\u0159en\u00ed smlouvy - xitee<\/title>\n<meta name=\"robots\" content=\"index, follow, max-snippet:-1, max-image-preview:large, max-video-preview:-1\" \/>\n<link rel=\"canonical\" href=\"https:\/\/xitee.com\/cs\/syncpilot\/\" \/>\n<meta property=\"og:locale\" content=\"cs_CZ\" \/>\n<meta property=\"og:type\" content=\"article\" \/>\n<meta property=\"og:title\" content=\"Partnerstv\u00ed zvy\u0161uj\u00edc\u00ed uzav\u0159en\u00ed smlouvy - xitee\" \/>\n<meta property=\"og:description\" content=\"Uzav\u00edr\u00e1n\u00ed smluv snadn\u00fdm a rychl\u00fdm zp\u016fsobem na jak\u00e9mkoli koncov\u00e9m za\u0159\u00edzen\u00ed bez p\u0159edchoz\u00ed registrace\/autentizace\/stahov\u00e1n\u00ed aplikace a pln\u011b v souladu s na\u0159\u00edzen\u00edm EU eIDAS (elektronick\u00e1 identifikace, autentizace a slu\u017eby vytv\u00e1\u0159ej\u00edc\u00ed d\u016fv\u011bru) &#8211; to v\u00e1m p\u0159in\u00e1\u0161\u00ed partnerstv\u00ed spole\u010dnost\u00ed xITee a Syncpilot. Nab\u00edz\u00edme va\u0161\u00ed spole\u010dnosti podporu p\u0159i zlep\u0161ov\u00e1n\u00ed procesu uzav\u00edr\u00e1n\u00ed digit\u00e1ln\u00edch smluv. Umo\u017e\u0148ujeme uzav\u00edrat obchody bez jak\u00e9hokoliv p\u0159eru\u0161n\u00ed m\u00e9dii\u00ed [&hellip;]\" \/>\n<meta property=\"og:url\" content=\"https:\/\/xitee.com\/cs\/syncpilot\/\" \/>\n<meta property=\"og:site_name\" content=\"xitee\" \/>\n<meta property=\"article:modified_time\" content=\"2021-08-19T08:51:11+00:00\" \/>\n<meta name=\"twitter:card\" content=\"summary_large_image\" \/>\n<meta name=\"twitter:label1\" content=\"Odhadovan\u00e1 doba \u010dten\u00ed\" \/>\n\t<meta name=\"twitter:data1\" content=\"1 minuta\" \/>\n<script type=\"application\/ld+json\" class=\"yoast-schema-graph\">{\"@context\":\"https:\\\/\\\/schema.org\",\"@graph\":[{\"@type\":\"WebPage\",\"@id\":\"https:\\\/\\\/xitee.com\\\/cs\\\/syncpilot\\\/\",\"url\":\"https:\\\/\\\/xitee.com\\\/cs\\\/syncpilot\\\/\",\"name\":\"Partnerstv\u00ed zvy\u0161uj\u00edc\u00ed uzav\u0159en\u00ed smlouvy - xitee\",\"isPartOf\":{\"@id\":\"https:\\\/\\\/xitee.com\\\/#website\"},\"datePublished\":\"2021-08-03T15:58:54+00:00\",\"dateModified\":\"2021-08-19T08:51:11+00:00\",\"breadcrumb\":{\"@id\":\"https:\\\/\\\/xitee.com\\\/cs\\\/syncpilot\\\/#breadcrumb\"},\"inLanguage\":\"cs\",\"potentialAction\":[{\"@type\":\"ReadAction\",\"target\":[\"https:\\\/\\\/xitee.com\\\/cs\\\/syncpilot\\\/\"]}]},{\"@type\":\"BreadcrumbList\",\"@id\":\"https:\\\/\\\/xitee.com\\\/cs\\\/syncpilot\\\/#breadcrumb\",\"itemListElement\":[{\"@type\":\"ListItem\",\"position\":1,\"name\":\"Dom\u016f\",\"item\":\"https:\\\/\\\/xitee.com\\\/cs\\\/\"},{\"@type\":\"ListItem\",\"position\":2,\"name\":\"Partnerstv\u00ed zvy\u0161uj\u00edc\u00ed uzav\u0159en\u00ed smlouvy\"}]},{\"@type\":\"WebSite\",\"@id\":\"https:\\\/\\\/xitee.com\\\/#website\",\"url\":\"https:\\\/\\\/xitee.com\\\/\",\"name\":\"xitee\",\"description\":\"Poskytovatel IT slu\u017eeb se s\u00eddlem v Praze. Na\u0161e odborn\u00e9 znalosti se soust\u0159ed\u00ed na sektory digit\u00e1ln\u00edho podnik\u00e1n\u00ed, financ\u00ed a energetiky a zdravotnictv\u00ed.\",\"publisher\":{\"@id\":\"https:\\\/\\\/xitee.com\\\/#organization\"},\"potentialAction\":[{\"@type\":\"SearchAction\",\"target\":{\"@type\":\"EntryPoint\",\"urlTemplate\":\"https:\\\/\\\/xitee.com\\\/?s={search_term_string}\"},\"query-input\":{\"@type\":\"PropertyValueSpecification\",\"valueRequired\":true,\"valueName\":\"search_term_string\"}}],\"inLanguage\":\"cs\"},{\"@type\":\"Organization\",\"@id\":\"https:\\\/\\\/xitee.com\\\/#organization\",\"name\":\"xitee\",\"url\":\"https:\\\/\\\/xitee.com\\\/\",\"logo\":{\"@type\":\"ImageObject\",\"inLanguage\":\"cs\",\"@id\":\"https:\\\/\\\/xitee.com\\\/#\\\/schema\\\/logo\\\/image\\\/\",\"url\":\"https:\\\/\\\/xitee.com\\\/wp-content\\\/uploads\\\/2021\\\/03\\\/logo-header.svg\",\"contentUrl\":\"https:\\\/\\\/xitee.com\\\/wp-content\\\/uploads\\\/2021\\\/03\\\/logo-header.svg\",\"width\":86,\"height\":30,\"caption\":\"xitee\"},\"image\":{\"@id\":\"https:\\\/\\\/xitee.com\\\/#\\\/schema\\\/logo\\\/image\\\/\"}}]}<\/script>\n<!-- \/ Yoast SEO plugin. -->","yoast_head_json":{"title":"Partnerstv\u00ed zvy\u0161uj\u00edc\u00ed uzav\u0159en\u00ed smlouvy - xitee","robots":{"index":"index","follow":"follow","max-snippet":"max-snippet:-1","max-image-preview":"max-image-preview:large","max-video-preview":"max-video-preview:-1"},"canonical":"https:\/\/xitee.com\/cs\/syncpilot\/","og_locale":"cs_CZ","og_type":"article","og_title":"Partnerstv\u00ed zvy\u0161uj\u00edc\u00ed uzav\u0159en\u00ed smlouvy - xitee","og_description":"Uzav\u00edr\u00e1n\u00ed smluv snadn\u00fdm a rychl\u00fdm zp\u016fsobem na jak\u00e9mkoli koncov\u00e9m za\u0159\u00edzen\u00ed bez p\u0159edchoz\u00ed registrace\/autentizace\/stahov\u00e1n\u00ed aplikace a pln\u011b v souladu s na\u0159\u00edzen\u00edm EU eIDAS (elektronick\u00e1 identifikace, autentizace a slu\u017eby vytv\u00e1\u0159ej\u00edc\u00ed d\u016fv\u011bru) &#8211; to v\u00e1m p\u0159in\u00e1\u0161\u00ed partnerstv\u00ed spole\u010dnost\u00ed xITee a Syncpilot. Nab\u00edz\u00edme va\u0161\u00ed spole\u010dnosti podporu p\u0159i zlep\u0161ov\u00e1n\u00ed procesu uzav\u00edr\u00e1n\u00ed digit\u00e1ln\u00edch smluv. Umo\u017e\u0148ujeme uzav\u00edrat obchody bez jak\u00e9hokoliv p\u0159eru\u0161n\u00ed m\u00e9dii\u00ed [&hellip;]","og_url":"https:\/\/xitee.com\/cs\/syncpilot\/","og_site_name":"xitee","article_modified_time":"2021-08-19T08:51:11+00:00","twitter_card":"summary_large_image","twitter_misc":{"Odhadovan\u00e1 doba \u010dten\u00ed":"1 minuta"},"schema":{"@context":"https:\/\/schema.org","@graph":[{"@type":"WebPage","@id":"https:\/\/xitee.com\/cs\/syncpilot\/","url":"https:\/\/xitee.com\/cs\/syncpilot\/","name":"Partnerstv\u00ed zvy\u0161uj\u00edc\u00ed uzav\u0159en\u00ed smlouvy - xitee","isPartOf":{"@id":"https:\/\/xitee.com\/#website"},"datePublished":"2021-08-03T15:58:54+00:00","dateModified":"2021-08-19T08:51:11+00:00","breadcrumb":{"@id":"https:\/\/xitee.com\/cs\/syncpilot\/#breadcrumb"},"inLanguage":"cs","potentialAction":[{"@type":"ReadAction","target":["https:\/\/xitee.com\/cs\/syncpilot\/"]}]},{"@type":"BreadcrumbList","@id":"https:\/\/xitee.com\/cs\/syncpilot\/#breadcrumb","itemListElement":[{"@type":"ListItem","position":1,"name":"Dom\u016f","item":"https:\/\/xitee.com\/cs\/"},{"@type":"ListItem","position":2,"name":"Partnerstv\u00ed zvy\u0161uj\u00edc\u00ed uzav\u0159en\u00ed smlouvy"}]},{"@type":"WebSite","@id":"https:\/\/xitee.com\/#website","url":"https:\/\/xitee.com\/","name":"xitee","description":"Poskytovatel IT slu\u017eeb se s\u00eddlem v Praze. Na\u0161e odborn\u00e9 znalosti se soust\u0159ed\u00ed na sektory digit\u00e1ln\u00edho podnik\u00e1n\u00ed, financ\u00ed a energetiky a zdravotnictv\u00ed.","publisher":{"@id":"https:\/\/xitee.com\/#organization"},"potentialAction":[{"@type":"SearchAction","target":{"@type":"EntryPoint","urlTemplate":"https:\/\/xitee.com\/?s={search_term_string}"},"query-input":{"@type":"PropertyValueSpecification","valueRequired":true,"valueName":"search_term_string"}}],"inLanguage":"cs"},{"@type":"Organization","@id":"https:\/\/xitee.com\/#organization","name":"xitee","url":"https:\/\/xitee.com\/","logo":{"@type":"ImageObject","inLanguage":"cs","@id":"https:\/\/xitee.com\/#\/schema\/logo\/image\/","url":"https:\/\/xitee.com\/wp-content\/uploads\/2021\/03\/logo-header.svg","contentUrl":"https:\/\/xitee.com\/wp-content\/uploads\/2021\/03\/logo-header.svg","width":86,"height":30,"caption":"xitee"},"image":{"@id":"https:\/\/xitee.com\/#\/schema\/logo\/image\/"}}]}},"_links":{"self":[{"href":"https:\/\/xitee.com\/cs\/wp-json\/wp\/v2\/pages\/4096","targetHints":{"allow":["GET"]}}],"collection":[{"href":"https:\/\/xitee.com\/cs\/wp-json\/wp\/v2\/pages"}],"about":[{"href":"https:\/\/xitee.com\/cs\/wp-json\/wp\/v2\/types\/page"}],"author":[{"embeddable":true,"href":"https:\/\/xitee.com\/cs\/wp-json\/wp\/v2\/users\/6"}],"replies":[{"embeddable":true,"href":"https:\/\/xitee.com\/cs\/wp-json\/wp\/v2\/comments?post=4096"}],"version-history":[{"count":7,"href":"https:\/\/xitee.com\/cs\/wp-json\/wp\/v2\/pages\/4096\/revisions"}],"predecessor-version":[{"id":4511,"href":"https:\/\/xitee.com\/cs\/wp-json\/wp\/v2\/pages\/4096\/revisions\/4511"}],"wp:attachment":[{"href":"https:\/\/xitee.com\/cs\/wp-json\/wp\/v2\/media?parent=4096"}],"curies":[{"name":"wp","href":"https:\/\/api.w.org\/{rel}","templated":true}]}}